{"id":812,"date":"2019-03-06T10:00:15","date_gmt":"2019-03-06T09:00:15","guid":{"rendered":"https:\/\/www.latelierdemichel.com\/?page_id=812"},"modified":"2024-07-25T11:17:28","modified_gmt":"2024-07-25T09:17:28","slug":"accueil","status":"publish","type":"page","link":"https:\/\/www.latelierdemichel.com\/","title":{"rendered":"Accueil"},"content":{"rendered":"<p>[et_pb_section fb_built=\u00a0\u00bb1&Prime; _builder_version=\u00a0\u00bb4.21.0&Prime; _dynamic_attributes=\u00a0\u00bbbackground_image\u00a0\u00bb background_enable_color=\u00a0\u00bboff\u00a0\u00bb use_background_color_gradient=\u00a0\u00bboff\u00a0\u00bb background_image=\u00a0\u00bb@ET-DC@eyJkeW5hbWljIjp0cnVlLCJjb250ZW50IjoicG9zdF9tZXRhX2tleSIsInNldHRpbmdzIjp7ImJlZm9yZSI6IiIsImFmdGVyIjoiIiwibWV0YV9rZXkiOiIiLCJlbmFibGVfaHRtbCI6Im9mZiJ9fQ==@\u00a0\u00bb global_colors_info=\u00a0\u00bb{}\u00a0\u00bb][et_pb_row _builder_version=\u00a0\u00bb4.16&Prime; custom_margin=\u00a0\u00bb-47px||-24px\u00a0\u00bb custom_padding=\u00a0\u00bb0px||0px\u00a0\u00bb global_colors_info=\u00a0\u00bb{}\u00a0\u00bb][et_pb_column type=\u00a0\u00bb4_4&Prime; _builder_version=\u00a0\u00bb4.16&Prime; custom_padding=\u00a0\u00bb|||\u00a0\u00bb global_colors_info=\u00a0\u00bb{}\u00a0\u00bb custom_padding__hover=\u00a0\u00bb|||\u00a0\u00bb][et_pb_text _builder_version=\u00a0\u00bb4.16&Prime; text_font=\u00a0\u00bbAguafina Script||||||||\u00a0\u00bb text_text_color=\u00a0\u00bb#000000&Prime; header_font=\u00a0\u00bb||||||||\u00a0\u00bb header_font_size=\u00a0\u00bb82px\u00a0\u00bb header_letter_spacing=\u00a0\u00bb12px\u00a0\u00bb min_height=\u00a0\u00bb143px\u00a0\u00bb custom_padding=\u00a0\u00bb39px|||||\u00a0\u00bb animation_style=\u00a0\u00bbfade\u00a0\u00bb header_text_shadow_style=\u00a0\u00bbpreset1&Prime; global_colors_info=\u00a0\u00bb{}\u00a0\u00bb]<\/p>\n<h1 style=\"text-align: center;\">L&rsquo;atelier de Michel<\/h1>\n<p>[\/et_pb_text][\/et_pb_column][\/et_pb_row][et_pb_row _builder_version=\u00a0\u00bb4.16&Prime; global_colors_info=\u00a0\u00bb{}\u00a0\u00bb][et_pb_column type=\u00a0\u00bb4_4&Prime; _builder_version=\u00a0\u00bb4.16&Prime; custom_padding=\u00a0\u00bb|||\u00a0\u00bb global_colors_info=\u00a0\u00bb{}\u00a0\u00bb custom_padding__hover=\u00a0\u00bb|||\u00a0\u00bb][et_pb_text _builder_version=\u00a0\u00bb4.16&Prime; custom_margin=\u00a0\u00bb4px||0px|||\u00a0\u00bb custom_padding=\u00a0\u00bb36px||0px|||\u00a0\u00bb global_colors_info=\u00a0\u00bb{}\u00a0\u00bb]<\/p>\n<div class=\"Shared__InputContainer-eIkpft hNohDz\">\n<div class=\"DraftEditor-root\">\n<div class=\"DraftEditor-editorContainer\">\n<div aria-autocomplete=\"list\" aria-describedby=\"placeholder-dclsn\" aria-expanded=\"false\" aria-labelledby=\"5\" class=\"notranslate public-DraftEditor-content\" contenteditable=\"true\" role=\"combobox\" spellcheck=\"false\" id=\"snippet-editor-field-description\">\n<div data-contents=\"true\">\n<div class=\"\" data-block=\"true\" data-editor=\"dclsn\" data-offset-key=\"1o8eh-0-0\">\n<h2 data-offset-key=\"1o8eh-0-0\" class=\"public-DraftStyleDefault-block public-DraftStyleDefault-ltr\" style=\"text-align: center;\"><strong>Bienvenue \u00e0 l&rsquo;atelier de Michel.<\/strong><\/h2>\n<p><span data-offset-key=\"1o8eh-0-0\"><\/span><\/p>\n<h3 data-offset-key=\"1o8eh-0-0\" class=\"public-DraftStyleDefault-block public-DraftStyleDefault-ltr\" style=\"text-align: center;\"><span data-offset-key=\"1o8eh-0-0\">Vous recherchez quelque chose d&rsquo;unique ou personnalis\u00e9 ?<\/span><\/h3>\n<h3 data-offset-key=\"1o8eh-0-0\" class=\"public-DraftStyleDefault-block public-DraftStyleDefault-ltr\" style=\"text-align: center;\"><span data-offset-key=\"1o8eh-0-0\">Un cadeau pour faire plaisir ou se faire plaisir ?<\/span><\/h3>\n<h3 data-offset-key=\"1o8eh-0-0\" class=\"public-DraftStyleDefault-block public-DraftStyleDefault-ltr\" style=\"text-align: center;\"><span data-offset-key=\"1o8eh-0-0\"> Nous vous accompagnons afin de satisfaire vos envies avec des produits originaux ou totalement uniques fabriqu\u00e9 par nos soins dans notre petit atelier artisanal.<\/span><\/h3>\n<\/div>\n<\/div>\n<\/div>\n<\/div>\n<\/div>\n<div class=\"ReplacementVariableEditorStandalone__ZIndexOverride-hihruk GLSXc\"><\/div>\n<\/div>\n<p>&nbsp;<\/p>\n<p>&nbsp;<\/p>\n<p>[\/et_pb_text][\/et_pb_column][\/et_pb_row][et_pb_row _builder_version=\u00a0\u00bb4.21.0&Prime; _module_preset=\u00a0\u00bbdefault\u00a0\u00bb global_colors_info=\u00a0\u00bb{}\u00a0\u00bb][et_pb_column type=\u00a0\u00bb4_4&Prime; _builder_version=\u00a0\u00bb4.21.0&Prime; _module_preset=\u00a0\u00bbdefault\u00a0\u00bb global_colors_info=\u00a0\u00bb{}\u00a0\u00bb][et_pb_slider use_bg_overlay=\u00a0\u00bboff\u00a0\u00bb _builder_version=\u00a0\u00bb4.21.0&Prime; header_font=\u00a0\u00bb||||||||\u00a0\u00bb body_font=\u00a0\u00bb||||||||\u00a0\u00bb custom_button=\u00a0\u00bbon\u00a0\u00bb button_text_color=\u00a0\u00bb#FFFFFF\u00a0\u00bb button_border_color=\u00a0\u00bb#FFFFFF\u00a0\u00bb min_height=\u00a0\u00bb543.4px\u00a0\u00bb custom_margin=\u00a0\u00bb||33px|||\u00a0\u00bb custom_padding=\u00a0\u00bb0px|||||\u00a0\u00bb animation_style=\u00a0\u00bbfade\u00a0\u00bb animation_duration=\u00a0\u00bb100ms\u00a0\u00bb auto=\u00a0\u00bbon\u00a0\u00bb link_option_url=\u00a0\u00bbhttps:\/\/www.latelierdemichel.com\/index.php\/planches-et-accessoires-pour-thermomix-tm5-et-tm6\/\u00a0\u00bb global_colors_info=\u00a0\u00bb{}\u00a0\u00bb][et_pb_slide heading=\u00a0\u00bbPour votre Thermomix Tm5 et Tm6&Prime; button_text=\u00a0\u00bbBoutique\u00a0\u00bb button_link=\u00a0\u00bbhttps:\/\/www.latelierdemichel.com\/index.php\/planches-et-accessoires-pour-thermomix-tm5-et-tm6\/\u00a0\u00bb use_bg_overlay=\u00a0\u00bboff\u00a0\u00bb use_text_overlay=\u00a0\u00bboff\u00a0\u00bb _builder_version=\u00a0\u00bb4.21.0&Prime; background_color=\u00a0\u00bb#ffffff\u00a0\u00bb background_enable_color=\u00a0\u00bbon\u00a0\u00bb background_image=\u00a0\u00bbhttps:\/\/www.latelierdemichel.com\/wp-content\/uploads\/2023\/07\/Planche-support-pour-Thermomix-TM6-5.jpg\u00a0\u00bb background_enable_image=\u00a0\u00bbon\u00a0\u00bb background_position=\u00a0\u00bbbottom_center\u00a0\u00bb link_option_url=\u00a0\u00bbhttps:\/\/www.latelierdemichel.com\/index.php\/planches-et-accessoires-pour-thermomix-tm5-et-tm6\/\u00a0\u00bb global_colors_info=\u00a0\u00bb{}\u00a0\u00bb sticky_transition=\u00a0\u00bbon\u00a0\u00bb]<\/p>\n<p>Retrouvez ici nos Planches et accessoires sp\u00e9cialement con\u00e7u pour votre Thermomix Tm5 et Tm6.<\/p>\n<p>[\/et_pb_slide][et_pb_slide heading=\u00a0\u00bbPour votre Thermomix Tm5 et Tm6&Prime; button_text=\u00a0\u00bbBoutique\u00a0\u00bb button_link=\u00a0\u00bbhttps:\/\/www.latelierdemichel.com\/index.php\/planches-et-accessoires-pour-thermomix-tm5-et-tm6\/\u00a0\u00bb use_bg_overlay=\u00a0\u00bboff\u00a0\u00bb use_text_overlay=\u00a0\u00bboff\u00a0\u00bb _builder_version=\u00a0\u00bb4.21.0&Prime; background_color=\u00a0\u00bb#ffffff\u00a0\u00bb background_enable_color=\u00a0\u00bbon\u00a0\u00bb background_image=\u00a0\u00bbhttps:\/\/www.latelierdemichel.com\/wp-content\/uploads\/2021\/08\/Planche-support-pour-thermomix-tm5-ou-tm6-personnalisee-c-est-maman-la-chef.jpg\u00a0\u00bb background_enable_image=\u00a0\u00bbon\u00a0\u00bb background_position=\u00a0\u00bbbottom_center\u00a0\u00bb link_option_url=\u00a0\u00bbhttps:\/\/www.latelierdemichel.com\/index.php\/planches-et-accessoires-pour-thermomix-tm5-et-tm6\/\u00a0\u00bb global_colors_info=\u00a0\u00bb{}\u00a0\u00bb sticky_transition=\u00a0\u00bbon\u00a0\u00bb]<\/p>\n<p>Retrouvez ici nos Planches et accessoires sp\u00e9cialement con\u00e7u pour votre Thermomix Tm5 et Tm6.<\/p>\n<p>[\/et_pb_slide][et_pb_slide heading=\u00a0\u00bbPour votre Thermomix Tm5 et Tm6&Prime; button_text=\u00a0\u00bbBoutique\u00a0\u00bb button_link=\u00a0\u00bbhttps:\/\/www.latelierdemichel.com\/index.php\/planches-et-accessoires-pour-thermomix-tm5-et-tm6\/\u00a0\u00bb use_bg_overlay=\u00a0\u00bboff\u00a0\u00bb use_text_overlay=\u00a0\u00bboff\u00a0\u00bb _builder_version=\u00a0\u00bb4.21.0&Prime; background_enable_color=\u00a0\u00bboff\u00a0\u00bb background_image=\u00a0\u00bbhttps:\/\/www.latelierdemichel.com\/wp-content\/uploads\/2021\/08\/236176108_246204977357735_6810342566312701790_n.jpg\u00a0\u00bb background_enable_image=\u00a0\u00bbon\u00a0\u00bb link_option_url=\u00a0\u00bbhttps:\/\/www.latelierdemichel.com\/index.php\/planches-et-accessoires-pour-thermomix-tm5-et-tm6\/\u00a0\u00bb global_colors_info=\u00a0\u00bb{}\u00a0\u00bb sticky_transition=\u00a0\u00bbon\u00a0\u00bb]<\/p>\n<p>Retrouvez ici nos Planches et accessoires sp\u00e9cialement con\u00e7u pour votre Thermomix Tm5 et Tm6.<\/p>\n<p>[\/et_pb_slide][et_pb_slide heading=\u00a0\u00bbPour votre Thermomix Tm5 et Tm6&Prime; button_text=\u00a0\u00bbBoutique\u00a0\u00bb button_link=\u00a0\u00bbhttps:\/\/www.latelierdemichel.com\/index.php\/planches-et-accessoires-pour-thermomix-tm5-et-tm6\/\u00a0\u00bb use_bg_overlay=\u00a0\u00bboff\u00a0\u00bb use_text_overlay=\u00a0\u00bboff\u00a0\u00bb _builder_version=\u00a0\u00bb4.21.0&Prime; background_color=\u00a0\u00bb#ffffff\u00a0\u00bb background_enable_color=\u00a0\u00bbon\u00a0\u00bb background_image=\u00a0\u00bbhttps:\/\/www.latelierdemichel.com\/wp-content\/uploads\/2019\/01\/1.png\u00a0\u00bb background_enable_image=\u00a0\u00bbon\u00a0\u00bb background_position=\u00a0\u00bbbottom_center\u00a0\u00bb link_option_url=\u00a0\u00bbhttps:\/\/www.latelierdemichel.com\/index.php\/planches-et-accessoires-pour-thermomix-tm5-et-tm6\/\u00a0\u00bb global_colors_info=\u00a0\u00bb{}\u00a0\u00bb sticky_transition=\u00a0\u00bbon\u00a0\u00bb]<\/p>\n<p>Retrouvez ici nos Planches et accessoires sp\u00e9cialement con\u00e7u pour votre Thermomix Tm5 et Tm6.<\/p>\n<p>[\/et_pb_slide][\/et_pb_slider][\/et_pb_column][\/et_pb_row][et_pb_row _builder_version=\u00a0\u00bb4.21.0&Prime; _module_preset=\u00a0\u00bbdefault\u00a0\u00bb global_colors_info=\u00a0\u00bb{}\u00a0\u00bb][et_pb_column type=\u00a0\u00bb4_4&Prime; _builder_version=\u00a0\u00bb4.21.0&Prime; _module_preset=\u00a0\u00bbdefault\u00a0\u00bb global_colors_info=\u00a0\u00bb{}\u00a0\u00bb][et_pb_slider _builder_version=\u00a0\u00bb4.16&Prime; custom_button=\u00a0\u00bbon\u00a0\u00bb button_text_color=\u00a0\u00bb#FFFFFF\u00a0\u00bb button_bg_color=\u00a0\u00bbRGBA(0,0,0,0)\u00a0\u00bb button_border_color=\u00a0\u00bb#FFFFFF\u00a0\u00bb width=\u00a0\u00bb98.9%\u00a0\u00bb min_height=\u00a0\u00bb645.1px\u00a0\u00bb custom_margin=\u00a0\u00bb|8px||||\u00a0\u00bb custom_padding=\u00a0\u00bb121px|0px|30px|||\u00a0\u00bb animation_style=\u00a0\u00bbfade\u00a0\u00bb animation_duration=\u00a0\u00bb100ms\u00a0\u00bb auto=\u00a0\u00bbon\u00a0\u00bb link_option_url=\u00a0\u00bbhttps:\/\/www.latelierdemichel.com\/index.php\/galerie\/\u00a0\u00bb global_colors_info=\u00a0\u00bb{}\u00a0\u00bb][et_pb_slide heading=\u00a0\u00bbGalerie\u00a0\u00bb button_text=\u00a0\u00bbVisiter\u00a0\u00bb button_link=\u00a0\u00bbhttps:\/\/www.latelierdemichel.com\/index.php\/galerie\/\u00a0\u00bb use_bg_overlay=\u00a0\u00bbon\u00a0\u00bb _builder_version=\u00a0\u00bb4.16&Prime; background_enable_color=\u00a0\u00bboff\u00a0\u00bb background_image=\u00a0\u00bbhttps:\/\/www.latelierdemichel.com\/wp-content\/uploads\/2021\/08\/Planche-support-pour-thermomix-tm5-ou-tm6-personnalisee-pour-notre-chef-jessy.jpg\u00a0\u00bb background_enable_image=\u00a0\u00bbon\u00a0\u00bb z_index=\u00a0\u00bb0&Prime; width=\u00a0\u00bb100%\u00a0\u00bb max_width=\u00a0\u00bb100%\u00a0\u00bb link_option_url=\u00a0\u00bbhttps:\/\/www.latelierdemichel.com\/index.php\/galerie\/\u00a0\u00bb global_colors_info=\u00a0\u00bb{}\u00a0\u00bb sticky_transition=\u00a0\u00bbon\u00a0\u00bb]<\/p>\n<p>Vous trouverez ici les r\u00e9alistions de l&rsquo;atelier \u00e0 l&rsquo;occasion de demandes particuli\u00e8res.<\/p>\n<p>[\/et_pb_slide][et_pb_slide heading=\u00a0\u00bbGalerie\u00a0\u00bb button_text=\u00a0\u00bbVisiter\u00a0\u00bb button_link=\u00a0\u00bbhttps:\/\/www.latelierdemichel.com\/index.php\/galerie\/\u00a0\u00bb use_bg_overlay=\u00a0\u00bbon\u00a0\u00bb _builder_version=\u00a0\u00bb4.16&Prime; background_image=\u00a0\u00bbhttps:\/\/www.latelierdemichel.com\/wp-content\/uploads\/2021\/08\/Planche-support-pour-thermomix-tm5-ou-tm6-personnalisee-mon-assistant.jpg\u00a0\u00bb background_enable_image=\u00a0\u00bbon\u00a0\u00bb link_option_url=\u00a0\u00bbhttps:\/\/www.latelierdemichel.com\/index.php\/galerie\/\u00a0\u00bb global_colors_info=\u00a0\u00bb{}\u00a0\u00bb sticky_transition=\u00a0\u00bbon\u00a0\u00bb]<\/p>\n<p>Vous trouverez ici les r\u00e9alistions de l&rsquo;atelier \u00e0 l&rsquo;occasion de demandes particuli\u00e8res.<\/p>\n<p>[\/et_pb_slide][et_pb_slide heading=\u00a0\u00bbGalerie\u00a0\u00bb button_text=\u00a0\u00bbVisiter\u00a0\u00bb button_link=\u00a0\u00bbhttps:\/\/www.latelierdemichel.com\/index.php\/galerie\/\u00a0\u00bb use_bg_overlay=\u00a0\u00bbon\u00a0\u00bb _builder_version=\u00a0\u00bb4.16&Prime; background_image=\u00a0\u00bbhttps:\/\/www.latelierdemichel.com\/wp-content\/uploads\/2021\/08\/235884352_149521270572803_2447724850718383040_n.jpg\u00a0\u00bb background_enable_image=\u00a0\u00bbon\u00a0\u00bb link_option_url=\u00a0\u00bbhttps:\/\/www.latelierdemichel.com\/index.php\/galerie\/\u00a0\u00bb global_colors_info=\u00a0\u00bb{}\u00a0\u00bb sticky_transition=\u00a0\u00bbon\u00a0\u00bb]<\/p>\n<p>Vous trouverez ici les r\u00e9alistions de l&rsquo;atelier \u00e0 l&rsquo;occasion de demandes particuli\u00e8res.<\/p>\n<p>[\/et_pb_slide][et_pb_slide heading=\u00a0\u00bbGalerie\u00a0\u00bb button_text=\u00a0\u00bbVisiter\u00a0\u00bb button_link=\u00a0\u00bbhttps:\/\/www.latelierdemichel.com\/index.php\/galerie\/\u00a0\u00bb use_bg_overlay=\u00a0\u00bbon\u00a0\u00bb _builder_version=\u00a0\u00bb4.16&Prime; background_image=\u00a0\u00bbhttps:\/\/www.latelierdemichel.com\/wp-content\/uploads\/2021\/08\/Planche-support-pour-thermomix-tm5-ou-tm6-personnalisee-c-est-maman-la-chef.jpg\u00a0\u00bb background_enable_image=\u00a0\u00bbon\u00a0\u00bb background_position=\u00a0\u00bbbottom_right\u00a0\u00bb link_option_url=\u00a0\u00bbhttps:\/\/www.latelierdemichel.com\/index.php\/galerie\/\u00a0\u00bb global_colors_info=\u00a0\u00bb{}\u00a0\u00bb sticky_transition=\u00a0\u00bbon\u00a0\u00bb]<\/p>\n<p>Vous trouverez ici les r\u00e9alistions de l&rsquo;atelier \u00e0 l&rsquo;occasion de demandes particuli\u00e8res.<\/p>\n<p>[\/et_pb_slide][\/et_pb_slider][\/et_pb_column][\/et_pb_row][\/et_pb_section]<\/p>\n","protected":false},"excerpt":{"rendered":"<p>L&rsquo;atelier de Michel Bienvenue \u00e0 l&rsquo;atelier de Michel. Vous recherchez quelque chose d&rsquo;unique ou personnalis\u00e9 ? Un cadeau pour faire plaisir ou se faire plaisir ? Nous vous accompagnons afin de satisfaire vos envies avec des produits originaux ou totalement uniques fabriqu\u00e9 par nos soins dans notre petit atelier artisanal. &nbsp; &nbsp;Retrouvez ici nos Planches [&hellip;]<\/p>\n","protected":false},"author":2,"featured_media":711,"parent":0,"menu_order":0,"comment_status":"closed","ping_status":"closed","template":"","meta":{"_et_pb_use_builder":"on","_et_pb_old_content":"","_et_gb_content_width":"","_monsterinsights_skip_tracking":false,"_monsterinsights_sitenote_active":false,"_monsterinsights_sitenote_note":"","_monsterinsights_sitenote_category":0,"footnotes":""},"class_list":["post-812","page","type-page","status-publish","has-post-thumbnail","hentry"],"yoast_head":"<!-- This site is optimized with the Yoast SEO plugin v27.0 - https:\/\/yoast.com\/product\/yoast-seo-wordpress\/ -->\n<title>Accueil - l&#039;atelier de michel<\/title>\n<meta name=\"description\" content=\"Bienvenue \u00e0 l&#039;atelier de Michel,Vous rechercher quelques choses d&#039;unique ou personnalis\u00e9 ?un cadeau un faire plaisir ou ce faire plaisir? Nous vous accompagnons afin de satisfaire vos envie avec des produits originaux ou totalement unique fabriquer par nos soins dans notre petit atelier artisanale.\" \/>\n<meta name=\"robots\" content=\"index, follow, max-snippet:-1, max-image-preview:large, max-video-preview:-1\" \/>\n<link rel=\"canonical\" href=\"https:\/\/www.latelierdemichel.com\/\" \/>\n<meta property=\"og:locale\" content=\"fr_FR\" \/>\n<meta property=\"og:type\" content=\"article\" \/>\n<meta property=\"og:title\" content=\"Accueil - l&#039;atelier de michel\" \/>\n<meta property=\"og:description\" content=\"Bienvenue \u00e0 l&#039;atelier de Michel,Vous rechercher quelques choses d&#039;unique ou personnalis\u00e9 ?un cadeau un faire plaisir ou ce faire plaisir? Nous vous accompagnons afin de satisfaire vos envie avec des produits originaux ou totalement unique fabriquer par nos soins dans notre petit atelier artisanale.\" \/>\n<meta property=\"og:url\" content=\"https:\/\/www.latelierdemichel.com\/\" \/>\n<meta property=\"og:site_name\" content=\"l&#039;atelier de michel\" \/>\n<meta property=\"article:publisher\" content=\"https:\/\/www.facebook.com\/ponchel.emmanuel.menuiserie\/\" \/>\n<meta property=\"article:modified_time\" content=\"2024-07-25T09:17:28+00:00\" \/>\n<meta property=\"og:image\" content=\"https:\/\/www.latelierdemichel.com\/wp-content\/uploads\/2019\/02\/logo-atelier-de-Michel-1.jpg\" \/>\n\t<meta property=\"og:image:width\" content=\"1654\" \/>\n\t<meta property=\"og:image:height\" content=\"2339\" \/>\n\t<meta property=\"og:image:type\" content=\"image\/jpeg\" \/>\n<meta name=\"twitter:card\" content=\"summary_large_image\" \/>\n<meta name=\"twitter:label1\" content=\"Dur\u00e9e de lecture estim\u00e9e\" \/>\n\t<meta name=\"twitter:data1\" content=\"5 minutes\" \/>\n<script type=\"application\/ld+json\" class=\"yoast-schema-graph\">{\"@context\":\"https:\/\/schema.org\",\"@graph\":[{\"@type\":\"WebPage\",\"@id\":\"https:\/\/www.latelierdemichel.com\/\",\"url\":\"https:\/\/www.latelierdemichel.com\/\",\"name\":\"Accueil - l&#039;atelier de michel\",\"isPartOf\":{\"@id\":\"https:\/\/www.latelierdemichel.com\/#website\"},\"primaryImageOfPage\":{\"@id\":\"https:\/\/www.latelierdemichel.com\/#primaryimage\"},\"image\":{\"@id\":\"https:\/\/www.latelierdemichel.com\/#primaryimage\"},\"thumbnailUrl\":\"https:\/\/www.latelierdemichel.com\/wp-content\/uploads\/2019\/02\/logo-atelier-de-Michel-1.jpg\",\"datePublished\":\"2019-03-06T09:00:15+00:00\",\"dateModified\":\"2024-07-25T09:17:28+00:00\",\"description\":\"Bienvenue \u00e0 l'atelier de Michel,Vous rechercher quelques choses d'unique ou personnalis\u00e9 ?un cadeau un faire plaisir ou ce faire plaisir? Nous vous accompagnons afin de satisfaire vos envie avec des produits originaux ou totalement unique fabriquer par nos soins dans notre petit atelier artisanale.\",\"breadcrumb\":{\"@id\":\"https:\/\/www.latelierdemichel.com\/#breadcrumb\"},\"inLanguage\":\"fr-FR\",\"potentialAction\":[{\"@type\":\"ReadAction\",\"target\":[\"https:\/\/www.latelierdemichel.com\/\"]}]},{\"@type\":\"ImageObject\",\"inLanguage\":\"fr-FR\",\"@id\":\"https:\/\/www.latelierdemichel.com\/#primaryimage\",\"url\":\"https:\/\/www.latelierdemichel.com\/wp-content\/uploads\/2019\/02\/logo-atelier-de-Michel-1.jpg\",\"contentUrl\":\"https:\/\/www.latelierdemichel.com\/wp-content\/uploads\/2019\/02\/logo-atelier-de-Michel-1.jpg\",\"width\":1654,\"height\":2339},{\"@type\":\"BreadcrumbList\",\"@id\":\"https:\/\/www.latelierdemichel.com\/#breadcrumb\",\"itemListElement\":[{\"@type\":\"ListItem\",\"position\":1,\"name\":\"Accueil\",\"item\":\"https:\/\/www.latelierdemichel.com\/\"},{\"@type\":\"ListItem\",\"position\":2,\"name\":\"Accueil\"}]},{\"@type\":\"WebSite\",\"@id\":\"https:\/\/www.latelierdemichel.com\/#website\",\"url\":\"https:\/\/www.latelierdemichel.com\/\",\"name\":\"l&#039;atelier de michel\",\"description\":\"\",\"potentialAction\":[{\"@type\":\"SearchAction\",\"target\":{\"@type\":\"EntryPoint\",\"urlTemplate\":\"https:\/\/www.latelierdemichel.com\/?s={search_term_string}\"},\"query-input\":{\"@type\":\"PropertyValueSpecification\",\"valueRequired\":true,\"valueName\":\"search_term_string\"}}],\"inLanguage\":\"fr-FR\"}]}<\/script>\n<!-- \/ Yoast SEO plugin. -->","yoast_head_json":{"title":"Accueil - l&#039;atelier de michel","description":"Bienvenue \u00e0 l'atelier de Michel,Vous rechercher quelques choses d'unique ou personnalis\u00e9 ?un cadeau un faire plaisir ou ce faire plaisir? Nous vous accompagnons afin de satisfaire vos envie avec des produits originaux ou totalement unique fabriquer par nos soins dans notre petit atelier artisanale.","robots":{"index":"index","follow":"follow","max-snippet":"max-snippet:-1","max-image-preview":"max-image-preview:large","max-video-preview":"max-video-preview:-1"},"canonical":"https:\/\/www.latelierdemichel.com\/","og_locale":"fr_FR","og_type":"article","og_title":"Accueil - l&#039;atelier de michel","og_description":"Bienvenue \u00e0 l'atelier de Michel,Vous rechercher quelques choses d'unique ou personnalis\u00e9 ?un cadeau un faire plaisir ou ce faire plaisir? Nous vous accompagnons afin de satisfaire vos envie avec des produits originaux ou totalement unique fabriquer par nos soins dans notre petit atelier artisanale.","og_url":"https:\/\/www.latelierdemichel.com\/","og_site_name":"l&#039;atelier de michel","article_publisher":"https:\/\/www.facebook.com\/ponchel.emmanuel.menuiserie\/","article_modified_time":"2024-07-25T09:17:28+00:00","og_image":[{"width":1654,"height":2339,"url":"https:\/\/www.latelierdemichel.com\/wp-content\/uploads\/2019\/02\/logo-atelier-de-Michel-1.jpg","type":"image\/jpeg"}],"twitter_card":"summary_large_image","twitter_misc":{"Dur\u00e9e de lecture estim\u00e9e":"5 minutes"},"schema":{"@context":"https:\/\/schema.org","@graph":[{"@type":"WebPage","@id":"https:\/\/www.latelierdemichel.com\/","url":"https:\/\/www.latelierdemichel.com\/","name":"Accueil - l&#039;atelier de michel","isPartOf":{"@id":"https:\/\/www.latelierdemichel.com\/#website"},"primaryImageOfPage":{"@id":"https:\/\/www.latelierdemichel.com\/#primaryimage"},"image":{"@id":"https:\/\/www.latelierdemichel.com\/#primaryimage"},"thumbnailUrl":"https:\/\/www.latelierdemichel.com\/wp-content\/uploads\/2019\/02\/logo-atelier-de-Michel-1.jpg","datePublished":"2019-03-06T09:00:15+00:00","dateModified":"2024-07-25T09:17:28+00:00","description":"Bienvenue \u00e0 l'atelier de Michel,Vous rechercher quelques choses d'unique ou personnalis\u00e9 ?un cadeau un faire plaisir ou ce faire plaisir? Nous vous accompagnons afin de satisfaire vos envie avec des produits originaux ou totalement unique fabriquer par nos soins dans notre petit atelier artisanale.","breadcrumb":{"@id":"https:\/\/www.latelierdemichel.com\/#breadcrumb"},"inLanguage":"fr-FR","potentialAction":[{"@type":"ReadAction","target":["https:\/\/www.latelierdemichel.com\/"]}]},{"@type":"ImageObject","inLanguage":"fr-FR","@id":"https:\/\/www.latelierdemichel.com\/#primaryimage","url":"https:\/\/www.latelierdemichel.com\/wp-content\/uploads\/2019\/02\/logo-atelier-de-Michel-1.jpg","contentUrl":"https:\/\/www.latelierdemichel.com\/wp-content\/uploads\/2019\/02\/logo-atelier-de-Michel-1.jpg","width":1654,"height":2339},{"@type":"BreadcrumbList","@id":"https:\/\/www.latelierdemichel.com\/#breadcrumb","itemListElement":[{"@type":"ListItem","position":1,"name":"Accueil","item":"https:\/\/www.latelierdemichel.com\/"},{"@type":"ListItem","position":2,"name":"Accueil"}]},{"@type":"WebSite","@id":"https:\/\/www.latelierdemichel.com\/#website","url":"https:\/\/www.latelierdemichel.com\/","name":"l&#039;atelier de michel","description":"","potentialAction":[{"@type":"SearchAction","target":{"@type":"EntryPoint","urlTemplate":"https:\/\/www.latelierdemichel.com\/?s={search_term_string}"},"query-input":{"@type":"PropertyValueSpecification","valueRequired":true,"valueName":"search_term_string"}}],"inLanguage":"fr-FR"}]}},"jetpack_sharing_enabled":true,"_links":{"self":[{"href":"https:\/\/www.latelierdemichel.com\/index.php\/wp-json\/wp\/v2\/pages\/812","targetHints":{"allow":["GET"]}}],"collection":[{"href":"https:\/\/www.latelierdemichel.com\/index.php\/wp-json\/wp\/v2\/pages"}],"about":[{"href":"https:\/\/www.latelierdemichel.com\/index.php\/wp-json\/wp\/v2\/types\/page"}],"author":[{"embeddable":true,"href":"https:\/\/www.latelierdemichel.com\/index.php\/wp-json\/wp\/v2\/users\/2"}],"replies":[{"embeddable":true,"href":"https:\/\/www.latelierdemichel.com\/index.php\/wp-json\/wp\/v2\/comments?post=812"}],"version-history":[{"count":67,"href":"https:\/\/www.latelierdemichel.com\/index.php\/wp-json\/wp\/v2\/pages\/812\/revisions"}],"predecessor-version":[{"id":3930,"href":"https:\/\/www.latelierdemichel.com\/index.php\/wp-json\/wp\/v2\/pages\/812\/revisions\/3930"}],"wp:featuredmedia":[{"embeddable":true,"href":"https:\/\/www.latelierdemichel.com\/index.php\/wp-json\/wp\/v2\/media\/711"}],"wp:attachment":[{"href":"https:\/\/www.latelierdemichel.com\/index.php\/wp-json\/wp\/v2\/media?parent=812"}],"curies":[{"name":"wp","href":"https:\/\/api.w.org\/{rel}","templated":true}]}}