{"id":3791,"date":"2023-07-08T23:25:02","date_gmt":"2023-07-08T21:25:02","guid":{"rendered":"https:\/\/www.latelierdemichel.com\/?post_type=product&#038;p=3791"},"modified":"2023-07-09T08:09:48","modified_gmt":"2023-07-09T06:09:48","slug":"poisson-chretien","status":"publish","type":"product","link":"https:\/\/www.latelierdemichel.com\/index.php\/produit\/poisson-chretien\/","title":{"rendered":"Poisson Chr\u00e9tien"},"content":{"rendered":"<p>[et_pb_section fb_built=\u00a0\u00bb1&Prime; _builder_version=\u00a0\u00bb4.21.0&Prime; custom_padding=\u00a0\u00bb0px||||false|false\u00a0\u00bb hover_enabled=\u00a0\u00bb0&Prime; global_colors_info=\u00a0\u00bb{}\u00a0\u00bb background_enable_color=\u00a0\u00bboff\u00a0\u00bb use_background_color_gradient=\u00a0\u00bboff\u00a0\u00bb sticky_enabled=\u00a0\u00bb0&Prime;][et_pb_row _builder_version=\u00a0\u00bb4.16&Prime; background_size=\u00a0\u00bbinitial\u00a0\u00bb background_position=\u00a0\u00bbtop_left\u00a0\u00bb background_repeat=\u00a0\u00bbrepeat\u00a0\u00bb width=\u00a0\u00bb100%\u00a0\u00bb custom_padding=\u00a0\u00bb0px||0px||false|false\u00a0\u00bb global_colors_info=\u00a0\u00bb{}\u00a0\u00bb][et_pb_column type=\u00a0\u00bb4_4&Prime; _builder_version=\u00a0\u00bb4.16&Prime; custom_padding=\u00a0\u00bb|||\u00a0\u00bb global_colors_info=\u00a0\u00bb{}\u00a0\u00bb custom_padding__hover=\u00a0\u00bb|||\u00a0\u00bb][et_pb_wc_breadcrumb _builder_version=\u00a0\u00bb4.16&Prime; global_colors_info=\u00a0\u00bb{}\u00a0\u00bb][\/et_pb_wc_breadcrumb][et_pb_wc_cart_notice _builder_version=\u00a0\u00bb4.16&Prime; global_colors_info=\u00a0\u00bb{}\u00a0\u00bb][\/et_pb_wc_cart_notice][\/et_pb_column][\/et_pb_row][et_pb_row column_structure=\u00a0\u00bb1_2,1_2&Prime; _builder_version=\u00a0\u00bb4.16&Prime; background_size=\u00a0\u00bbinitial\u00a0\u00bb background_position=\u00a0\u00bbtop_left\u00a0\u00bb background_repeat=\u00a0\u00bbrepeat\u00a0\u00bb width=\u00a0\u00bb100%\u00a0\u00bb custom_padding=\u00a0\u00bb0px||||false|false\u00a0\u00bb global_colors_info=\u00a0\u00bb{}\u00a0\u00bb][et_pb_column type=\u00a0\u00bb1_2&Prime; _builder_version=\u00a0\u00bb4.16&Prime; custom_padding=\u00a0\u00bb|||\u00a0\u00bb global_colors_info=\u00a0\u00bb{}\u00a0\u00bb custom_padding__hover=\u00a0\u00bb|||\u00a0\u00bb][et_pb_wc_images _builder_version=\u00a0\u00bb4.16&Prime; global_colors_info=\u00a0\u00bb{}\u00a0\u00bb][\/et_pb_wc_images][\/et_pb_column][et_pb_column type=\u00a0\u00bb1_2&Prime; _builder_version=\u00a0\u00bb4.16&Prime; custom_padding=\u00a0\u00bb|||\u00a0\u00bb global_colors_info=\u00a0\u00bb{}\u00a0\u00bb custom_padding__hover=\u00a0\u00bb|||\u00a0\u00bb][et_pb_wc_title _builder_version=\u00a0\u00bb4.16&Prime; global_colors_info=\u00a0\u00bb{}\u00a0\u00bb][\/et_pb_wc_title][et_pb_wc_rating _builder_version=\u00a0\u00bb4.16&Prime; global_colors_info=\u00a0\u00bb{}\u00a0\u00bb][\/et_pb_wc_rating][et_pb_wc_price _builder_version=\u00a0\u00bb4.16&Prime; global_colors_info=\u00a0\u00bb{}\u00a0\u00bb][\/et_pb_wc_price][et_pb_wc_description _builder_version=\u00a0\u00bb4.16&Prime; global_colors_info=\u00a0\u00bb{}\u00a0\u00bb][\/et_pb_wc_description][et_pb_wc_add_to_cart _builder_version=\u00a0\u00bb4.16&Prime; global_colors_info=\u00a0\u00bb{}\u00a0\u00bb][\/et_pb_wc_add_to_cart][et_pb_wc_meta _builder_version=\u00a0\u00bb4.16&Prime; global_colors_info=\u00a0\u00bb{}\u00a0\u00bb][\/et_pb_wc_meta][\/et_pb_column][\/et_pb_row][et_pb_row _builder_version=\u00a0\u00bb4.16&Prime; background_size=\u00a0\u00bbinitial\u00a0\u00bb background_position=\u00a0\u00bbtop_left\u00a0\u00bb background_repeat=\u00a0\u00bbrepeat\u00a0\u00bb width=\u00a0\u00bb100%\u00a0\u00bb global_colors_info=\u00a0\u00bb{}\u00a0\u00bb][et_pb_column type=\u00a0\u00bb4_4&Prime; _builder_version=\u00a0\u00bb4.16&Prime; custom_padding=\u00a0\u00bb|||\u00a0\u00bb global_colors_info=\u00a0\u00bb{}\u00a0\u00bb custom_padding__hover=\u00a0\u00bb|||\u00a0\u00bb][et_pb_wc_tabs _builder_version=\u00a0\u00bb4.16&Prime; global_colors_info=\u00a0\u00bb{}\u00a0\u00bb] [\/et_pb_wc_tabs][et_pb_wc_upsells _builder_version=\u00a0\u00bb4.16&Prime; global_colors_info=\u00a0\u00bb{}\u00a0\u00bb][\/et_pb_wc_upsells][et_pb_wc_related_products _builder_version=\u00a0\u00bb4.16&Prime; global_colors_info=\u00a0\u00bb{}\u00a0\u00bb][\/et_pb_wc_related_products][\/et_pb_column][\/et_pb_row][\/et_pb_section]<\/p>\n","protected":false},"excerpt":{"rendered":"","protected":false},"featured_media":3792,"template":"","meta":{"_et_pb_use_builder":"on","_et_pb_old_content":"","_et_gb_content_width":"","_monsterinsights_skip_tracking":false,"_monsterinsights_sitenote_active":false,"_monsterinsights_sitenote_note":"","_monsterinsights_sitenote_category":0},"product_brand":[],"product_cat":[81],"product_tag":[92],"class_list":{"0":"post-3791","1":"product","2":"type-product","3":"status-publish","4":"has-post-thumbnail","6":"product_cat-artisan-de-la-foi","7":"product_tag-poissonchretien","9":"first","10":"instock","11":"shipping-taxable","12":"purchasable","13":"product-type-simple"},"yoast_head":"<!-- This site is optimized with the Yoast SEO plugin v27.0 - https:\/\/yoast.com\/product\/yoast-seo-wordpress\/ -->\n<title>Poisson Chr\u00e9tien - l&#039;atelier de michel<\/title>\n<meta name=\"description\" content=\"Poisson Chr\u00e9tien en Bois Naturel finition Huil\u00e9e. IXOYE : Le mot grec I X O Y E veut dire poisson. Chaque lettre grec signifie:___ ( I= J\u00e9sus... X= Christ... O= Fils... Y= Dieu... E= Sauveur). Ce joli poisson Chr\u00e9tien apportera dans votre Maison une touche d&#039;adoration suppl\u00e9mentaire pour la Gloire de Dieu. Taille : 20cmx8cmx1.9 cm Fabrication Artisanale Fran\u00e7aiseBois NaturelFinition Huil\u00e9eD\u00e9coration Int\u00e9rieure\/ExterieureFabrication ArtisanaleFabrication Fran\u00e7aise\" \/>\n<meta name=\"robots\" content=\"index, follow, max-snippet:-1, max-image-preview:large, max-video-preview:-1\" \/>\n<link rel=\"canonical\" href=\"https:\/\/www.latelierdemichel.com\/index.php\/produit\/poisson-chretien\/\" \/>\n<meta property=\"og:locale\" content=\"fr_FR\" \/>\n<meta property=\"og:type\" content=\"article\" \/>\n<meta property=\"og:title\" content=\"Poisson Chr\u00e9tien - l&#039;atelier de michel\" \/>\n<meta property=\"og:description\" content=\"Poisson Chr\u00e9tien en Bois Naturel finition Huil\u00e9e. IXOYE : Le mot grec I X O Y E veut dire poisson. Chaque lettre grec signifie:___ ( I= J\u00e9sus... X= Christ... O= Fils... Y= Dieu... E= Sauveur). Ce joli poisson Chr\u00e9tien apportera dans votre Maison une touche d&#039;adoration suppl\u00e9mentaire pour la Gloire de Dieu. Taille : 20cmx8cmx1.9 cm Fabrication Artisanale Fran\u00e7aiseBois NaturelFinition Huil\u00e9eD\u00e9coration Int\u00e9rieure\/ExterieureFabrication ArtisanaleFabrication Fran\u00e7aise\" \/>\n<meta property=\"og:url\" content=\"https:\/\/www.latelierdemichel.com\/index.php\/produit\/poisson-chretien\/\" \/>\n<meta property=\"og:site_name\" content=\"l&#039;atelier de michel\" \/>\n<meta property=\"article:publisher\" content=\"https:\/\/www.facebook.com\/ponchel.emmanuel.menuiserie\/\" \/>\n<meta property=\"article:modified_time\" content=\"2023-07-09T06:09:48+00:00\" \/>\n<meta property=\"og:image\" content=\"https:\/\/www.latelierdemichel.com\/wp-content\/uploads\/2023\/07\/poisson-chretien.jpg\" \/>\n\t<meta property=\"og:image:width\" content=\"6000\" \/>\n\t<meta property=\"og:image:height\" content=\"4000\" \/>\n\t<meta property=\"og:image:type\" content=\"image\/jpeg\" \/>\n<meta name=\"twitter:card\" content=\"summary_large_image\" \/>\n<meta name=\"twitter:label1\" content=\"Dur\u00e9e de lecture estim\u00e9e\" \/>\n\t<meta name=\"twitter:data1\" content=\"1 minute\" \/>\n<script type=\"application\/ld+json\" class=\"yoast-schema-graph\">{\"@context\":\"https:\/\/schema.org\",\"@graph\":[{\"@type\":\"WebPage\",\"@id\":\"https:\/\/www.latelierdemichel.com\/index.php\/produit\/poisson-chretien\/\",\"url\":\"https:\/\/www.latelierdemichel.com\/index.php\/produit\/poisson-chretien\/\",\"name\":\"Poisson Chr\u00e9tien - l&#039;atelier de michel\",\"isPartOf\":{\"@id\":\"https:\/\/www.latelierdemichel.com\/#website\"},\"primaryImageOfPage\":{\"@id\":\"https:\/\/www.latelierdemichel.com\/index.php\/produit\/poisson-chretien\/#primaryimage\"},\"image\":{\"@id\":\"https:\/\/www.latelierdemichel.com\/index.php\/produit\/poisson-chretien\/#primaryimage\"},\"thumbnailUrl\":\"https:\/\/www.latelierdemichel.com\/wp-content\/uploads\/2023\/07\/poisson-chretien.jpg\",\"datePublished\":\"2023-07-08T21:25:02+00:00\",\"dateModified\":\"2023-07-09T06:09:48+00:00\",\"description\":\"Poisson Chr\u00e9tien en Bois Naturel finition Huil\u00e9e. IXOYE : Le mot grec I X O Y E veut dire poisson. Chaque lettre grec signifie:___ ( I= J\u00e9sus... X= Christ... O= Fils... Y= Dieu... E= Sauveur). Ce joli poisson Chr\u00e9tien apportera dans votre Maison une touche d'adoration suppl\u00e9mentaire pour la Gloire de Dieu. Taille : 20cmx8cmx1.9 cm Fabrication Artisanale Fran\u00e7aiseBois NaturelFinition Huil\u00e9eD\u00e9coration Int\u00e9rieure\/ExterieureFabrication ArtisanaleFabrication Fran\u00e7aise\",\"breadcrumb\":{\"@id\":\"https:\/\/www.latelierdemichel.com\/index.php\/produit\/poisson-chretien\/#breadcrumb\"},\"inLanguage\":\"fr-FR\",\"potentialAction\":[{\"@type\":\"ReadAction\",\"target\":[\"https:\/\/www.latelierdemichel.com\/index.php\/produit\/poisson-chretien\/\"]}]},{\"@type\":\"ImageObject\",\"inLanguage\":\"fr-FR\",\"@id\":\"https:\/\/www.latelierdemichel.com\/index.php\/produit\/poisson-chretien\/#primaryimage\",\"url\":\"https:\/\/www.latelierdemichel.com\/wp-content\/uploads\/2023\/07\/poisson-chretien.jpg\",\"contentUrl\":\"https:\/\/www.latelierdemichel.com\/wp-content\/uploads\/2023\/07\/poisson-chretien.jpg\",\"width\":6000,\"height\":4000},{\"@type\":\"BreadcrumbList\",\"@id\":\"https:\/\/www.latelierdemichel.com\/index.php\/produit\/poisson-chretien\/#breadcrumb\",\"itemListElement\":[{\"@type\":\"ListItem\",\"position\":1,\"name\":\"Accueil\",\"item\":\"https:\/\/www.latelierdemichel.com\/\"},{\"@type\":\"ListItem\",\"position\":2,\"name\":\"Boutique\",\"item\":\"https:\/\/www.latelierdemichel.com\/index.php\/boutique\/\"},{\"@type\":\"ListItem\",\"position\":3,\"name\":\"Poisson Chr\u00e9tien\"}]},{\"@type\":\"WebSite\",\"@id\":\"https:\/\/www.latelierdemichel.com\/#website\",\"url\":\"https:\/\/www.latelierdemichel.com\/\",\"name\":\"l&#039;atelier de michel\",\"description\":\"\",\"potentialAction\":[{\"@type\":\"SearchAction\",\"target\":{\"@type\":\"EntryPoint\",\"urlTemplate\":\"https:\/\/www.latelierdemichel.com\/?s={search_term_string}\"},\"query-input\":{\"@type\":\"PropertyValueSpecification\",\"valueRequired\":true,\"valueName\":\"search_term_string\"}}],\"inLanguage\":\"fr-FR\"}]}<\/script>\n<!-- \/ Yoast SEO plugin. -->","yoast_head_json":{"title":"Poisson Chr\u00e9tien - l&#039;atelier de michel","description":"Poisson Chr\u00e9tien en Bois Naturel finition Huil\u00e9e. IXOYE : Le mot grec I X O Y E veut dire poisson. Chaque lettre grec signifie:___ ( I= J\u00e9sus... X= Christ... O= Fils... Y= Dieu... E= Sauveur). Ce joli poisson Chr\u00e9tien apportera dans votre Maison une touche d'adoration suppl\u00e9mentaire pour la Gloire de Dieu. Taille : 20cmx8cmx1.9 cm Fabrication Artisanale Fran\u00e7aiseBois NaturelFinition Huil\u00e9eD\u00e9coration Int\u00e9rieure\/ExterieureFabrication ArtisanaleFabrication Fran\u00e7aise","robots":{"index":"index","follow":"follow","max-snippet":"max-snippet:-1","max-image-preview":"max-image-preview:large","max-video-preview":"max-video-preview:-1"},"canonical":"https:\/\/www.latelierdemichel.com\/index.php\/produit\/poisson-chretien\/","og_locale":"fr_FR","og_type":"article","og_title":"Poisson Chr\u00e9tien - l&#039;atelier de michel","og_description":"Poisson Chr\u00e9tien en Bois Naturel finition Huil\u00e9e. IXOYE : Le mot grec I X O Y E veut dire poisson. Chaque lettre grec signifie:___ ( I= J\u00e9sus... X= Christ... O= Fils... Y= Dieu... E= Sauveur). Ce joli poisson Chr\u00e9tien apportera dans votre Maison une touche d'adoration suppl\u00e9mentaire pour la Gloire de Dieu. Taille : 20cmx8cmx1.9 cm Fabrication Artisanale Fran\u00e7aiseBois NaturelFinition Huil\u00e9eD\u00e9coration Int\u00e9rieure\/ExterieureFabrication ArtisanaleFabrication Fran\u00e7aise","og_url":"https:\/\/www.latelierdemichel.com\/index.php\/produit\/poisson-chretien\/","og_site_name":"l&#039;atelier de michel","article_publisher":"https:\/\/www.facebook.com\/ponchel.emmanuel.menuiserie\/","article_modified_time":"2023-07-09T06:09:48+00:00","og_image":[{"width":6000,"height":4000,"url":"https:\/\/www.latelierdemichel.com\/wp-content\/uploads\/2023\/07\/poisson-chretien.jpg","type":"image\/jpeg"}],"twitter_card":"summary_large_image","twitter_misc":{"Dur\u00e9e de lecture estim\u00e9e":"1 minute"},"schema":{"@context":"https:\/\/schema.org","@graph":[{"@type":"WebPage","@id":"https:\/\/www.latelierdemichel.com\/index.php\/produit\/poisson-chretien\/","url":"https:\/\/www.latelierdemichel.com\/index.php\/produit\/poisson-chretien\/","name":"Poisson Chr\u00e9tien - l&#039;atelier de michel","isPartOf":{"@id":"https:\/\/www.latelierdemichel.com\/#website"},"primaryImageOfPage":{"@id":"https:\/\/www.latelierdemichel.com\/index.php\/produit\/poisson-chretien\/#primaryimage"},"image":{"@id":"https:\/\/www.latelierdemichel.com\/index.php\/produit\/poisson-chretien\/#primaryimage"},"thumbnailUrl":"https:\/\/www.latelierdemichel.com\/wp-content\/uploads\/2023\/07\/poisson-chretien.jpg","datePublished":"2023-07-08T21:25:02+00:00","dateModified":"2023-07-09T06:09:48+00:00","description":"Poisson Chr\u00e9tien en Bois Naturel finition Huil\u00e9e. IXOYE : Le mot grec I X O Y E veut dire poisson. Chaque lettre grec signifie:___ ( I= J\u00e9sus... X= Christ... O= Fils... Y= Dieu... E= Sauveur). Ce joli poisson Chr\u00e9tien apportera dans votre Maison une touche d'adoration suppl\u00e9mentaire pour la Gloire de Dieu. Taille : 20cmx8cmx1.9 cm Fabrication Artisanale Fran\u00e7aiseBois NaturelFinition Huil\u00e9eD\u00e9coration Int\u00e9rieure\/ExterieureFabrication ArtisanaleFabrication Fran\u00e7aise","breadcrumb":{"@id":"https:\/\/www.latelierdemichel.com\/index.php\/produit\/poisson-chretien\/#breadcrumb"},"inLanguage":"fr-FR","potentialAction":[{"@type":"ReadAction","target":["https:\/\/www.latelierdemichel.com\/index.php\/produit\/poisson-chretien\/"]}]},{"@type":"ImageObject","inLanguage":"fr-FR","@id":"https:\/\/www.latelierdemichel.com\/index.php\/produit\/poisson-chretien\/#primaryimage","url":"https:\/\/www.latelierdemichel.com\/wp-content\/uploads\/2023\/07\/poisson-chretien.jpg","contentUrl":"https:\/\/www.latelierdemichel.com\/wp-content\/uploads\/2023\/07\/poisson-chretien.jpg","width":6000,"height":4000},{"@type":"BreadcrumbList","@id":"https:\/\/www.latelierdemichel.com\/index.php\/produit\/poisson-chretien\/#breadcrumb","itemListElement":[{"@type":"ListItem","position":1,"name":"Accueil","item":"https:\/\/www.latelierdemichel.com\/"},{"@type":"ListItem","position":2,"name":"Boutique","item":"https:\/\/www.latelierdemichel.com\/index.php\/boutique\/"},{"@type":"ListItem","position":3,"name":"Poisson Chr\u00e9tien"}]},{"@type":"WebSite","@id":"https:\/\/www.latelierdemichel.com\/#website","url":"https:\/\/www.latelierdemichel.com\/","name":"l&#039;atelier de michel","description":"","potentialAction":[{"@type":"SearchAction","target":{"@type":"EntryPoint","urlTemplate":"https:\/\/www.latelierdemichel.com\/?s={search_term_string}"},"query-input":{"@type":"PropertyValueSpecification","valueRequired":true,"valueName":"search_term_string"}}],"inLanguage":"fr-FR"}]}},"jetpack_sharing_enabled":true,"wcpa_form_fields":null,"_links":{"self":[{"href":"https:\/\/www.latelierdemichel.com\/index.php\/wp-json\/wp\/v2\/product\/3791","targetHints":{"allow":["GET"]}}],"collection":[{"href":"https:\/\/www.latelierdemichel.com\/index.php\/wp-json\/wp\/v2\/product"}],"about":[{"href":"https:\/\/www.latelierdemichel.com\/index.php\/wp-json\/wp\/v2\/types\/product"}],"wp:featuredmedia":[{"embeddable":true,"href":"https:\/\/www.latelierdemichel.com\/index.php\/wp-json\/wp\/v2\/media\/3792"}],"wp:attachment":[{"href":"https:\/\/www.latelierdemichel.com\/index.php\/wp-json\/wp\/v2\/media?parent=3791"}],"wp:term":[{"taxonomy":"product_brand","embeddable":true,"href":"https:\/\/www.latelierdemichel.com\/index.php\/wp-json\/wp\/v2\/product_brand?post=3791"},{"taxonomy":"product_cat","embeddable":true,"href":"https:\/\/www.latelierdemichel.com\/index.php\/wp-json\/wp\/v2\/product_cat?post=3791"},{"taxonomy":"product_tag","embeddable":true,"href":"https:\/\/www.latelierdemichel.com\/index.php\/wp-json\/wp\/v2\/product_tag?post=3791"}],"curies":[{"name":"wp","href":"https:\/\/api.w.org\/{rel}","templated":true}]}}