{"id":3830,"date":"2023-07-21T19:33:37","date_gmt":"2023-07-21T17:33:37","guid":{"rendered":"https:\/\/www.latelierdemichel.com\/?post_type=product&#038;p=3830"},"modified":"2023-07-21T20:34:03","modified_gmt":"2023-07-21T18:34:03","slug":"planche-support-thermomix-tm5-ou-tm6","status":"publish","type":"product","link":"https:\/\/www.latelierdemichel.com\/index.php\/produit\/planche-support-thermomix-tm5-ou-tm6\/","title":{"rendered":"Planche support pour Thermomix TM5 ou TM6"},"content":{"rendered":"<p>La planche support pour Thermomix TM5 ou TM6 permet d&rsquo;accueillir votre robot et ses accessoires.<\/p>\n<p>Elle est \u00e9quip\u00e9e de poign\u00e9es sur les cot\u00e9 afin de saisir l&rsquo;ensemble sans difficult\u00e9s,<\/p>\n<p>la poign\u00e9e en fa\u00e7ade vous permet de saisir la planche ais\u00e9ment afin de la faire glisser gr\u00e2ce aux patins en ABS sous la planche.<\/p>\n<p>Les patins vous permettront un d\u00e9placement plus facile de votre Thermomix sans endommager la balance.<\/p>\n<p>Les quatre pieds en silicone sous la planche lui conf\u00e8re plus de stabilit\u00e9 lors de fonction comme le p\u00e9trissage.<\/p>\n<p>La finition huil\u00e9 vous permet un entretien facile de votre planche en cas de salissures, pour l&rsquo;entretien de votre planche un peu d&rsquo;huile lui redonneras sont \u00e9clat.<\/p>\n<ul class=\"a-unordered-list a-vertical a-spacing-mini\">\n<li class=\"a-spacing-mini\"><span class=\"a-list-item\">R\u00e9servation sp\u00e9ciale adapt\u00e9e au pieds du Thermomix pour un maintien optimal.<\/span><\/li>\n<li class=\"a-spacing-mini\"><span class=\"a-list-item\">D\u00e9placement de la planche par glissement en soulevant l\u00e9g\u00e8rement la planche sur l&rsquo;avant.<\/span><\/li>\n<li class=\"a-spacing-mini\"><span class=\"a-list-item\">Large pieds en silicone sous la planche pour plus d&rsquo;adh\u00e9rence au plan de travail \u00e9vitant le d\u00e9placement de la planche pendant le travail..<\/span><\/li>\n<li class=\"a-spacing-mini\"><span class=\"a-list-item\">Bois grav\u00e9 finition huil\u00e9e, Artisanat Fran\u00e7ais<\/span><\/li>\n<li class=\"a-spacing-mini\"><span class=\"a-list-item\">R\u00e9servation con\u00e7u pour recevoir directement sur la planche la spatule et le fouet afin de les garder sous la main.<\/span><\/li>\n<\/ul>\n","protected":false},"excerpt":{"rendered":"<p>Planche support pour Thermomix TM5 ou TM6 pouvant recevoir la spatule et le fouet.<\/p>\n","protected":false},"featured_media":3831,"template":"","meta":{"_et_pb_use_builder":"","_et_pb_old_content":"","_et_gb_content_width":"","_monsterinsights_skip_tracking":false,"_monsterinsights_sitenote_active":false,"_monsterinsights_sitenote_note":"","_monsterinsights_sitenote_category":0},"product_brand":[],"product_cat":[101],"product_tag":[98],"class_list":{"0":"post-3830","1":"product","2":"type-product","3":"status-publish","4":"has-post-thumbnail","6":"product_cat-planche-thermomix","7":"product_tag-thermoaccess2023","9":"first","10":"instock","11":"shipping-taxable","12":"purchasable","13":"product-type-variable"},"yoast_head":"<!-- This site is optimized with the Yoast SEO plugin v27.0 - https:\/\/yoast.com\/product\/yoast-seo-wordpress\/ -->\n<title>Planche support pour Thermomix TM5 ou TM6 - l&#039;atelier de michel<\/title>\n<meta name=\"description\" content=\"https:\/\/www.latelierdemichel.com La planche support pour Thermomix TM5 ou TM6 permet d&#039;accueillir votre robot et ses accessoires.Elle est \u00e9quip\u00e9e de poign\u00e9es sur les cot\u00e9 afin de saisir l&#039;ensemble sans difficult\u00e9s,la poign\u00e9e en fa\u00e7ade vous permet de saisir la planche ais\u00e9ment afin de la faire glisser gr\u00e2ce aux patins en ABS sous la planche.Les patins vous permettront un d\u00e9placement plus facile de votre Thermomix sans endommager la balance.Les quatre pieds en silicone sous la planche lui conf\u00e8re plus de stabilit\u00e9 lors de fonction comme le p\u00e9trissage.La finition huil\u00e9 vous permet un entretien facile de votre planche en cas de salissures, pour l&#039;entretien de votre planche un peu d&#039;huile lui redonneras sont \u00e9clat.R\u00e9servation sp\u00e9ciale adapt\u00e9e au pieds du Thermomix pour un maintien optimal.D\u00e9placement de la planche par glissement en soulevant l\u00e9g\u00e8rement la planche sur l&#039;avant.Large pieds en silicone sous la planche pour plus d&#039;adh\u00e9rence au plan de travail \u00e9vitant le d\u00e9placement de la planche pendant le travail..Bois grav\u00e9 finition huil\u00e9e, Artisanat Fran\u00e7aisR\u00e9servation con\u00e7u pour recevoir directement sur la planche la spatule et le fouet afin de les garder sous la main.\" \/>\n<meta name=\"robots\" content=\"index, follow, max-snippet:-1, max-image-preview:large, max-video-preview:-1\" \/>\n<link rel=\"canonical\" href=\"https:\/\/www.latelierdemichel.com\/index.php\/produit\/planche-support-thermomix-tm5-ou-tm6\/\" \/>\n<meta property=\"og:locale\" content=\"fr_FR\" \/>\n<meta property=\"og:type\" content=\"article\" \/>\n<meta property=\"og:title\" content=\"Planche support pour Thermomix TM5 ou TM6 - l&#039;atelier de michel\" \/>\n<meta property=\"og:description\" content=\"https:\/\/www.latelierdemichel.com La planche support pour Thermomix TM5 ou TM6 permet d&#039;accueillir votre robot et ses accessoires.Elle est \u00e9quip\u00e9e de poign\u00e9es sur les cot\u00e9 afin de saisir l&#039;ensemble sans difficult\u00e9s,la poign\u00e9e en fa\u00e7ade vous permet de saisir la planche ais\u00e9ment afin de la faire glisser gr\u00e2ce aux patins en ABS sous la planche.Les patins vous permettront un d\u00e9placement plus facile de votre Thermomix sans endommager la balance.Les quatre pieds en silicone sous la planche lui conf\u00e8re plus de stabilit\u00e9 lors de fonction comme le p\u00e9trissage.La finition huil\u00e9 vous permet un entretien facile de votre planche en cas de salissures, pour l&#039;entretien de votre planche un peu d&#039;huile lui redonneras sont \u00e9clat.R\u00e9servation sp\u00e9ciale adapt\u00e9e au pieds du Thermomix pour un maintien optimal.D\u00e9placement de la planche par glissement en soulevant l\u00e9g\u00e8rement la planche sur l&#039;avant.Large pieds en silicone sous la planche pour plus d&#039;adh\u00e9rence au plan de travail \u00e9vitant le d\u00e9placement de la planche pendant le travail..Bois grav\u00e9 finition huil\u00e9e, Artisanat Fran\u00e7aisR\u00e9servation con\u00e7u pour recevoir directement sur la planche la spatule et le fouet afin de les garder sous la main.\" \/>\n<meta property=\"og:url\" content=\"https:\/\/www.latelierdemichel.com\/index.php\/produit\/planche-support-thermomix-tm5-ou-tm6\/\" \/>\n<meta property=\"og:site_name\" content=\"l&#039;atelier de michel\" \/>\n<meta property=\"article:publisher\" content=\"https:\/\/www.facebook.com\/ponchel.emmanuel.menuiserie\/\" \/>\n<meta property=\"article:modified_time\" content=\"2023-07-21T18:34:03+00:00\" \/>\n<meta property=\"og:image\" content=\"https:\/\/www.latelierdemichel.com\/wp-content\/uploads\/2023\/07\/Planche-support-pour-Thermomix-TM6-4-1024x683.jpg\" \/>\n\t<meta property=\"og:image:width\" content=\"1024\" \/>\n\t<meta property=\"og:image:height\" content=\"683\" \/>\n\t<meta property=\"og:image:type\" content=\"image\/jpeg\" \/>\n<meta name=\"twitter:card\" content=\"summary_large_image\" \/>\n<meta name=\"twitter:label1\" content=\"Dur\u00e9e de lecture estim\u00e9e\" \/>\n\t<meta name=\"twitter:data1\" content=\"1 minute\" \/>\n<script type=\"application\/ld+json\" class=\"yoast-schema-graph\">{\"@context\":\"https:\/\/schema.org\",\"@graph\":[{\"@type\":\"WebPage\",\"@id\":\"https:\/\/www.latelierdemichel.com\/index.php\/produit\/planche-support-thermomix-tm5-ou-tm6\/\",\"url\":\"https:\/\/www.latelierdemichel.com\/index.php\/produit\/planche-support-thermomix-tm5-ou-tm6\/\",\"name\":\"Planche support pour Thermomix TM5 ou TM6 - l&#039;atelier de michel\",\"isPartOf\":{\"@id\":\"https:\/\/www.latelierdemichel.com\/#website\"},\"primaryImageOfPage\":{\"@id\":\"https:\/\/www.latelierdemichel.com\/index.php\/produit\/planche-support-thermomix-tm5-ou-tm6\/#primaryimage\"},\"image\":{\"@id\":\"https:\/\/www.latelierdemichel.com\/index.php\/produit\/planche-support-thermomix-tm5-ou-tm6\/#primaryimage\"},\"thumbnailUrl\":\"https:\/\/www.latelierdemichel.com\/wp-content\/uploads\/2023\/07\/Planche-support-pour-Thermomix-TM6-4.jpg\",\"datePublished\":\"2023-07-21T17:33:37+00:00\",\"dateModified\":\"2023-07-21T18:34:03+00:00\",\"description\":\"https:\/\/www.latelierdemichel.com La planche support pour Thermomix TM5 ou TM6 permet d'accueillir votre robot et ses accessoires.Elle est \u00e9quip\u00e9e de poign\u00e9es sur les cot\u00e9 afin de saisir l'ensemble sans difficult\u00e9s,la poign\u00e9e en fa\u00e7ade vous permet de saisir la planche ais\u00e9ment afin de la faire glisser gr\u00e2ce aux patins en ABS sous la planche.Les patins vous permettront un d\u00e9placement plus facile de votre Thermomix sans endommager la balance.Les quatre pieds en silicone sous la planche lui conf\u00e8re plus de stabilit\u00e9 lors de fonction comme le p\u00e9trissage.La finition huil\u00e9 vous permet un entretien facile de votre planche en cas de salissures, pour l'entretien de votre planche un peu d'huile lui redonneras sont \u00e9clat.R\u00e9servation sp\u00e9ciale adapt\u00e9e au pieds du Thermomix pour un maintien optimal.D\u00e9placement de la planche par glissement en soulevant l\u00e9g\u00e8rement la planche sur l'avant.Large pieds en silicone sous la planche pour plus d'adh\u00e9rence au plan de travail \u00e9vitant le d\u00e9placement de la planche pendant le travail..Bois grav\u00e9 finition huil\u00e9e, Artisanat Fran\u00e7aisR\u00e9servation con\u00e7u pour recevoir directement sur la planche la spatule et le fouet afin de les garder sous la main.\",\"breadcrumb\":{\"@id\":\"https:\/\/www.latelierdemichel.com\/index.php\/produit\/planche-support-thermomix-tm5-ou-tm6\/#breadcrumb\"},\"inLanguage\":\"fr-FR\",\"potentialAction\":[{\"@type\":\"ReadAction\",\"target\":[\"https:\/\/www.latelierdemichel.com\/index.php\/produit\/planche-support-thermomix-tm5-ou-tm6\/\"]}]},{\"@type\":\"ImageObject\",\"inLanguage\":\"fr-FR\",\"@id\":\"https:\/\/www.latelierdemichel.com\/index.php\/produit\/planche-support-thermomix-tm5-ou-tm6\/#primaryimage\",\"url\":\"https:\/\/www.latelierdemichel.com\/wp-content\/uploads\/2023\/07\/Planche-support-pour-Thermomix-TM6-4.jpg\",\"contentUrl\":\"https:\/\/www.latelierdemichel.com\/wp-content\/uploads\/2023\/07\/Planche-support-pour-Thermomix-TM6-4.jpg\",\"width\":6000,\"height\":4000,\"caption\":\"Planche support pour Thermomix TM6\"},{\"@type\":\"BreadcrumbList\",\"@id\":\"https:\/\/www.latelierdemichel.com\/index.php\/produit\/planche-support-thermomix-tm5-ou-tm6\/#breadcrumb\",\"itemListElement\":[{\"@type\":\"ListItem\",\"position\":1,\"name\":\"Accueil\",\"item\":\"https:\/\/www.latelierdemichel.com\/\"},{\"@type\":\"ListItem\",\"position\":2,\"name\":\"Boutique\",\"item\":\"https:\/\/www.latelierdemichel.com\/index.php\/boutique\/\"},{\"@type\":\"ListItem\",\"position\":3,\"name\":\"Planche support pour Thermomix TM5 ou TM6\"}]},{\"@type\":\"WebSite\",\"@id\":\"https:\/\/www.latelierdemichel.com\/#website\",\"url\":\"https:\/\/www.latelierdemichel.com\/\",\"name\":\"l&#039;atelier de michel\",\"description\":\"\",\"potentialAction\":[{\"@type\":\"SearchAction\",\"target\":{\"@type\":\"EntryPoint\",\"urlTemplate\":\"https:\/\/www.latelierdemichel.com\/?s={search_term_string}\"},\"query-input\":{\"@type\":\"PropertyValueSpecification\",\"valueRequired\":true,\"valueName\":\"search_term_string\"}}],\"inLanguage\":\"fr-FR\"}]}<\/script>\n<!-- \/ Yoast SEO plugin. -->","yoast_head_json":{"title":"Planche support pour Thermomix TM5 ou TM6 - l&#039;atelier de michel","description":"https:\/\/www.latelierdemichel.com La planche support pour Thermomix TM5 ou TM6 permet d'accueillir votre robot et ses accessoires.Elle est \u00e9quip\u00e9e de poign\u00e9es sur les cot\u00e9 afin de saisir l'ensemble sans difficult\u00e9s,la poign\u00e9e en fa\u00e7ade vous permet de saisir la planche ais\u00e9ment afin de la faire glisser gr\u00e2ce aux patins en ABS sous la planche.Les patins vous permettront un d\u00e9placement plus facile de votre Thermomix sans endommager la balance.Les quatre pieds en silicone sous la planche lui conf\u00e8re plus de stabilit\u00e9 lors de fonction comme le p\u00e9trissage.La finition huil\u00e9 vous permet un entretien facile de votre planche en cas de salissures, pour l'entretien de votre planche un peu d'huile lui redonneras sont \u00e9clat.R\u00e9servation sp\u00e9ciale adapt\u00e9e au pieds du Thermomix pour un maintien optimal.D\u00e9placement de la planche par glissement en soulevant l\u00e9g\u00e8rement la planche sur l'avant.Large pieds en silicone sous la planche pour plus d'adh\u00e9rence au plan de travail \u00e9vitant le d\u00e9placement de la planche pendant le travail..Bois grav\u00e9 finition huil\u00e9e, Artisanat Fran\u00e7aisR\u00e9servation con\u00e7u pour recevoir directement sur la planche la spatule et le fouet afin de les garder sous la main.","robots":{"index":"index","follow":"follow","max-snippet":"max-snippet:-1","max-image-preview":"max-image-preview:large","max-video-preview":"max-video-preview:-1"},"canonical":"https:\/\/www.latelierdemichel.com\/index.php\/produit\/planche-support-thermomix-tm5-ou-tm6\/","og_locale":"fr_FR","og_type":"article","og_title":"Planche support pour Thermomix TM5 ou TM6 - l&#039;atelier de michel","og_description":"https:\/\/www.latelierdemichel.com La planche support pour Thermomix TM5 ou TM6 permet d'accueillir votre robot et ses accessoires.Elle est \u00e9quip\u00e9e de poign\u00e9es sur les cot\u00e9 afin de saisir l'ensemble sans difficult\u00e9s,la poign\u00e9e en fa\u00e7ade vous permet de saisir la planche ais\u00e9ment afin de la faire glisser gr\u00e2ce aux patins en ABS sous la planche.Les patins vous permettront un d\u00e9placement plus facile de votre Thermomix sans endommager la balance.Les quatre pieds en silicone sous la planche lui conf\u00e8re plus de stabilit\u00e9 lors de fonction comme le p\u00e9trissage.La finition huil\u00e9 vous permet un entretien facile de votre planche en cas de salissures, pour l'entretien de votre planche un peu d'huile lui redonneras sont \u00e9clat.R\u00e9servation sp\u00e9ciale adapt\u00e9e au pieds du Thermomix pour un maintien optimal.D\u00e9placement de la planche par glissement en soulevant l\u00e9g\u00e8rement la planche sur l'avant.Large pieds en silicone sous la planche pour plus d'adh\u00e9rence au plan de travail \u00e9vitant le d\u00e9placement de la planche pendant le travail..Bois grav\u00e9 finition huil\u00e9e, Artisanat Fran\u00e7aisR\u00e9servation con\u00e7u pour recevoir directement sur la planche la spatule et le fouet afin de les garder sous la main.","og_url":"https:\/\/www.latelierdemichel.com\/index.php\/produit\/planche-support-thermomix-tm5-ou-tm6\/","og_site_name":"l&#039;atelier de michel","article_publisher":"https:\/\/www.facebook.com\/ponchel.emmanuel.menuiserie\/","article_modified_time":"2023-07-21T18:34:03+00:00","og_image":[{"width":1024,"height":683,"url":"https:\/\/www.latelierdemichel.com\/wp-content\/uploads\/2023\/07\/Planche-support-pour-Thermomix-TM6-4-1024x683.jpg","type":"image\/jpeg"}],"twitter_card":"summary_large_image","twitter_misc":{"Dur\u00e9e de lecture estim\u00e9e":"1 minute"},"schema":{"@context":"https:\/\/schema.org","@graph":[{"@type":"WebPage","@id":"https:\/\/www.latelierdemichel.com\/index.php\/produit\/planche-support-thermomix-tm5-ou-tm6\/","url":"https:\/\/www.latelierdemichel.com\/index.php\/produit\/planche-support-thermomix-tm5-ou-tm6\/","name":"Planche support pour Thermomix TM5 ou TM6 - l&#039;atelier de michel","isPartOf":{"@id":"https:\/\/www.latelierdemichel.com\/#website"},"primaryImageOfPage":{"@id":"https:\/\/www.latelierdemichel.com\/index.php\/produit\/planche-support-thermomix-tm5-ou-tm6\/#primaryimage"},"image":{"@id":"https:\/\/www.latelierdemichel.com\/index.php\/produit\/planche-support-thermomix-tm5-ou-tm6\/#primaryimage"},"thumbnailUrl":"https:\/\/www.latelierdemichel.com\/wp-content\/uploads\/2023\/07\/Planche-support-pour-Thermomix-TM6-4.jpg","datePublished":"2023-07-21T17:33:37+00:00","dateModified":"2023-07-21T18:34:03+00:00","description":"https:\/\/www.latelierdemichel.com La planche support pour Thermomix TM5 ou TM6 permet d'accueillir votre robot et ses accessoires.Elle est \u00e9quip\u00e9e de poign\u00e9es sur les cot\u00e9 afin de saisir l'ensemble sans difficult\u00e9s,la poign\u00e9e en fa\u00e7ade vous permet de saisir la planche ais\u00e9ment afin de la faire glisser gr\u00e2ce aux patins en ABS sous la planche.Les patins vous permettront un d\u00e9placement plus facile de votre Thermomix sans endommager la balance.Les quatre pieds en silicone sous la planche lui conf\u00e8re plus de stabilit\u00e9 lors de fonction comme le p\u00e9trissage.La finition huil\u00e9 vous permet un entretien facile de votre planche en cas de salissures, pour l'entretien de votre planche un peu d'huile lui redonneras sont \u00e9clat.R\u00e9servation sp\u00e9ciale adapt\u00e9e au pieds du Thermomix pour un maintien optimal.D\u00e9placement de la planche par glissement en soulevant l\u00e9g\u00e8rement la planche sur l'avant.Large pieds en silicone sous la planche pour plus d'adh\u00e9rence au plan de travail \u00e9vitant le d\u00e9placement de la planche pendant le travail..Bois grav\u00e9 finition huil\u00e9e, Artisanat Fran\u00e7aisR\u00e9servation con\u00e7u pour recevoir directement sur la planche la spatule et le fouet afin de les garder sous la main.","breadcrumb":{"@id":"https:\/\/www.latelierdemichel.com\/index.php\/produit\/planche-support-thermomix-tm5-ou-tm6\/#breadcrumb"},"inLanguage":"fr-FR","potentialAction":[{"@type":"ReadAction","target":["https:\/\/www.latelierdemichel.com\/index.php\/produit\/planche-support-thermomix-tm5-ou-tm6\/"]}]},{"@type":"ImageObject","inLanguage":"fr-FR","@id":"https:\/\/www.latelierdemichel.com\/index.php\/produit\/planche-support-thermomix-tm5-ou-tm6\/#primaryimage","url":"https:\/\/www.latelierdemichel.com\/wp-content\/uploads\/2023\/07\/Planche-support-pour-Thermomix-TM6-4.jpg","contentUrl":"https:\/\/www.latelierdemichel.com\/wp-content\/uploads\/2023\/07\/Planche-support-pour-Thermomix-TM6-4.jpg","width":6000,"height":4000,"caption":"Planche support pour Thermomix TM6"},{"@type":"BreadcrumbList","@id":"https:\/\/www.latelierdemichel.com\/index.php\/produit\/planche-support-thermomix-tm5-ou-tm6\/#breadcrumb","itemListElement":[{"@type":"ListItem","position":1,"name":"Accueil","item":"https:\/\/www.latelierdemichel.com\/"},{"@type":"ListItem","position":2,"name":"Boutique","item":"https:\/\/www.latelierdemichel.com\/index.php\/boutique\/"},{"@type":"ListItem","position":3,"name":"Planche support pour Thermomix TM5 ou TM6"}]},{"@type":"WebSite","@id":"https:\/\/www.latelierdemichel.com\/#website","url":"https:\/\/www.latelierdemichel.com\/","name":"l&#039;atelier de michel","description":"","potentialAction":[{"@type":"SearchAction","target":{"@type":"EntryPoint","urlTemplate":"https:\/\/www.latelierdemichel.com\/?s={search_term_string}"},"query-input":{"@type":"PropertyValueSpecification","valueRequired":true,"valueName":"search_term_string"}}],"inLanguage":"fr-FR"}]}},"jetpack_sharing_enabled":true,"wcpa_form_fields":null,"_links":{"self":[{"href":"https:\/\/www.latelierdemichel.com\/index.php\/wp-json\/wp\/v2\/product\/3830","targetHints":{"allow":["GET"]}}],"collection":[{"href":"https:\/\/www.latelierdemichel.com\/index.php\/wp-json\/wp\/v2\/product"}],"about":[{"href":"https:\/\/www.latelierdemichel.com\/index.php\/wp-json\/wp\/v2\/types\/product"}],"wp:featuredmedia":[{"embeddable":true,"href":"https:\/\/www.latelierdemichel.com\/index.php\/wp-json\/wp\/v2\/media\/3831"}],"wp:attachment":[{"href":"https:\/\/www.latelierdemichel.com\/index.php\/wp-json\/wp\/v2\/media?parent=3830"}],"wp:term":[{"taxonomy":"product_brand","embeddable":true,"href":"https:\/\/www.latelierdemichel.com\/index.php\/wp-json\/wp\/v2\/product_brand?post=3830"},{"taxonomy":"product_cat","embeddable":true,"href":"https:\/\/www.latelierdemichel.com\/index.php\/wp-json\/wp\/v2\/product_cat?post=3830"},{"taxonomy":"product_tag","embeddable":true,"href":"https:\/\/www.latelierdemichel.com\/index.php\/wp-json\/wp\/v2\/product_tag?post=3830"}],"curies":[{"name":"wp","href":"https:\/\/api.w.org\/{rel}","templated":true}]}}