{"id":608,"date":"2019-01-07T15:07:59","date_gmt":"2019-01-07T14:07:59","guid":{"rendered":"https:\/\/www.latelierdemichel.com\/?post_type=product&#038;p=608"},"modified":"2024-07-24T08:45:39","modified_gmt":"2024-07-24T06:45:39","slug":"planche-support-sans-rangement-daccessoires-pour-thermomix-tm5-et-tm6","status":"publish","type":"product","link":"https:\/\/www.latelierdemichel.com\/index.php\/produit\/planche-support-sans-rangement-daccessoires-pour-thermomix-tm5-et-tm6\/","title":{"rendered":"Planche support sans rangement d\u2019accessoires pour Thermomix TM5 et TM6"},"content":{"rendered":"<p><a href=\"https:\/\/www.latelierdemichel.com\/index.php\/delai-de-fabrication-expedition-et-livraison\/\" target=\"_blank\" rel=\"noopener\">https:\/\/www.latelierdemichel.com\/index.php\/delai-de-fabrication-expedition-et-livraison\/<\/a><\/p>\n<p>La planche support pour Thermomix TM5 vous permet d&rsquo;accueillir votre robot. Les tampons en silicone sous la planche qui lui conf\u00e8re une tr\u00e8s bonne adh\u00e9rence pour plus de s\u00e9curit\u00e9 notamment lors de fonction comme le p\u00e9trissage .Les deux patins en ABS sous la planche vous permettrons un d\u00e9placement plus facile de votre Thermomix sans endommag\u00e9 la balance.<\/p>\n","protected":false},"excerpt":{"rendered":"<p><a href=\"https:\/\/www.latelierdemichel.com\/index.php\/delai-de-fabrication-expedition-et-livraison\/\" target=\"_blank\" rel=\"noopener\">https:\/\/www.latelierdemichel.com\/index.php\/delai-de-fabrication-expedition-et-livraison\/<\/a><\/p>\n","protected":false},"featured_media":1496,"template":"","meta":{"_et_pb_use_builder":"","_et_pb_old_content":"","_et_gb_content_width":"","_monsterinsights_skip_tracking":false,"_monsterinsights_sitenote_active":false,"_monsterinsights_sitenote_note":"","_monsterinsights_sitenote_category":0},"product_brand":[],"product_cat":[28,49],"product_tag":[],"class_list":{"0":"post-608","1":"product","2":"type-product","3":"status-publish","4":"has-post-thumbnail","6":"product_cat-thermomix-tm5","7":"product_cat-tm5-tm6-sans-accessoires","8":"wcpa_has_options","10":"first","11":"outofstock","12":"shipping-taxable","13":"purchasable","14":"product-type-simple"},"yoast_head":"<!-- This site is optimized with the Yoast SEO plugin v27.0 - https:\/\/yoast.com\/product\/yoast-seo-wordpress\/ -->\n<title>Planche support sans rangement d\u2019accessoires pour Thermomix TM5 et TM6 - l&#039;atelier de michel<\/title>\n<meta name=\"description\" content=\"La planche support pour Thermomix TM5 vous permet d&#039;accueillir votre robot. Le bandes sous la planche qui lui conf\u00e8re une tr\u00e8s bonne adh\u00e9rence pour plus de s\u00e9curit\u00e9 notamment lors de fonction comme le p\u00e9trissage .Les deux patins en ABS sous la planche vous permettrons un d\u00e9placement plus facile de votre Thermomix sans endommag\u00e9 la balance.\" \/>\n<meta name=\"robots\" content=\"index, follow, max-snippet:-1, max-image-preview:large, max-video-preview:-1\" \/>\n<link rel=\"canonical\" href=\"https:\/\/www.latelierdemichel.com\/index.php\/produit\/planche-support-sans-rangement-daccessoires-pour-thermomix-tm5-et-tm6\/\" \/>\n<meta property=\"og:locale\" content=\"fr_FR\" \/>\n<meta property=\"og:type\" content=\"article\" \/>\n<meta property=\"og:title\" content=\"Planche support sans rangement d\u2019accessoires pour Thermomix TM5 et TM6 - l&#039;atelier de michel\" \/>\n<meta property=\"og:description\" content=\"La planche support pour Thermomix TM5 vous permet d&#039;accueillir votre robot. Le bandes sous la planche qui lui conf\u00e8re une tr\u00e8s bonne adh\u00e9rence pour plus de s\u00e9curit\u00e9 notamment lors de fonction comme le p\u00e9trissage .Les deux patins en ABS sous la planche vous permettrons un d\u00e9placement plus facile de votre Thermomix sans endommag\u00e9 la balance.\" \/>\n<meta property=\"og:url\" content=\"https:\/\/www.latelierdemichel.com\/index.php\/produit\/planche-support-sans-rangement-daccessoires-pour-thermomix-tm5-et-tm6\/\" \/>\n<meta property=\"og:site_name\" content=\"l&#039;atelier de michel\" \/>\n<meta property=\"article:publisher\" content=\"https:\/\/www.facebook.com\/ponchel.emmanuel.menuiserie\/\" \/>\n<meta property=\"article:modified_time\" content=\"2024-07-24T06:45:39+00:00\" \/>\n<meta property=\"og:image\" content=\"https:\/\/www.latelierdemichel.com\/wp-content\/uploads\/2019\/01\/1.png\" \/>\n\t<meta property=\"og:image:width\" content=\"983\" \/>\n\t<meta property=\"og:image:height\" content=\"1260\" \/>\n\t<meta property=\"og:image:type\" content=\"image\/png\" \/>\n<meta name=\"twitter:card\" content=\"summary_large_image\" \/>\n<script type=\"application\/ld+json\" class=\"yoast-schema-graph\">{\"@context\":\"https:\/\/schema.org\",\"@graph\":[{\"@type\":\"WebPage\",\"@id\":\"https:\/\/www.latelierdemichel.com\/index.php\/produit\/planche-support-sans-rangement-daccessoires-pour-thermomix-tm5-et-tm6\/\",\"url\":\"https:\/\/www.latelierdemichel.com\/index.php\/produit\/planche-support-sans-rangement-daccessoires-pour-thermomix-tm5-et-tm6\/\",\"name\":\"Planche support sans rangement d\u2019accessoires pour Thermomix TM5 et TM6 - l&#039;atelier de michel\",\"isPartOf\":{\"@id\":\"https:\/\/www.latelierdemichel.com\/#website\"},\"primaryImageOfPage\":{\"@id\":\"https:\/\/www.latelierdemichel.com\/index.php\/produit\/planche-support-sans-rangement-daccessoires-pour-thermomix-tm5-et-tm6\/#primaryimage\"},\"image\":{\"@id\":\"https:\/\/www.latelierdemichel.com\/index.php\/produit\/planche-support-sans-rangement-daccessoires-pour-thermomix-tm5-et-tm6\/#primaryimage\"},\"thumbnailUrl\":\"https:\/\/www.latelierdemichel.com\/wp-content\/uploads\/2019\/01\/1.png\",\"datePublished\":\"2019-01-07T14:07:59+00:00\",\"dateModified\":\"2024-07-24T06:45:39+00:00\",\"description\":\"La planche support pour Thermomix TM5 vous permet d'accueillir votre robot. Le bandes sous la planche qui lui conf\u00e8re une tr\u00e8s bonne adh\u00e9rence pour plus de s\u00e9curit\u00e9 notamment lors de fonction comme le p\u00e9trissage .Les deux patins en ABS sous la planche vous permettrons un d\u00e9placement plus facile de votre Thermomix sans endommag\u00e9 la balance.\",\"breadcrumb\":{\"@id\":\"https:\/\/www.latelierdemichel.com\/index.php\/produit\/planche-support-sans-rangement-daccessoires-pour-thermomix-tm5-et-tm6\/#breadcrumb\"},\"inLanguage\":\"fr-FR\",\"potentialAction\":[{\"@type\":\"ReadAction\",\"target\":[\"https:\/\/www.latelierdemichel.com\/index.php\/produit\/planche-support-sans-rangement-daccessoires-pour-thermomix-tm5-et-tm6\/\"]}]},{\"@type\":\"ImageObject\",\"inLanguage\":\"fr-FR\",\"@id\":\"https:\/\/www.latelierdemichel.com\/index.php\/produit\/planche-support-sans-rangement-daccessoires-pour-thermomix-tm5-et-tm6\/#primaryimage\",\"url\":\"https:\/\/www.latelierdemichel.com\/wp-content\/uploads\/2019\/01\/1.png\",\"contentUrl\":\"https:\/\/www.latelierdemichel.com\/wp-content\/uploads\/2019\/01\/1.png\",\"width\":983,\"height\":1260},{\"@type\":\"BreadcrumbList\",\"@id\":\"https:\/\/www.latelierdemichel.com\/index.php\/produit\/planche-support-sans-rangement-daccessoires-pour-thermomix-tm5-et-tm6\/#breadcrumb\",\"itemListElement\":[{\"@type\":\"ListItem\",\"position\":1,\"name\":\"Accueil\",\"item\":\"https:\/\/www.latelierdemichel.com\/\"},{\"@type\":\"ListItem\",\"position\":2,\"name\":\"Boutique\",\"item\":\"https:\/\/www.latelierdemichel.com\/index.php\/boutique\/\"},{\"@type\":\"ListItem\",\"position\":3,\"name\":\"Planche support sans rangement d\u2019accessoires pour Thermomix TM5 et TM6\"}]},{\"@type\":\"WebSite\",\"@id\":\"https:\/\/www.latelierdemichel.com\/#website\",\"url\":\"https:\/\/www.latelierdemichel.com\/\",\"name\":\"l&#039;atelier de michel\",\"description\":\"\",\"potentialAction\":[{\"@type\":\"SearchAction\",\"target\":{\"@type\":\"EntryPoint\",\"urlTemplate\":\"https:\/\/www.latelierdemichel.com\/?s={search_term_string}\"},\"query-input\":{\"@type\":\"PropertyValueSpecification\",\"valueRequired\":true,\"valueName\":\"search_term_string\"}}],\"inLanguage\":\"fr-FR\"}]}<\/script>\n<!-- \/ Yoast SEO plugin. -->","yoast_head_json":{"title":"Planche support sans rangement d\u2019accessoires pour Thermomix TM5 et TM6 - l&#039;atelier de michel","description":"La planche support pour Thermomix TM5 vous permet d'accueillir votre robot. Le bandes sous la planche qui lui conf\u00e8re une tr\u00e8s bonne adh\u00e9rence pour plus de s\u00e9curit\u00e9 notamment lors de fonction comme le p\u00e9trissage .Les deux patins en ABS sous la planche vous permettrons un d\u00e9placement plus facile de votre Thermomix sans endommag\u00e9 la balance.","robots":{"index":"index","follow":"follow","max-snippet":"max-snippet:-1","max-image-preview":"max-image-preview:large","max-video-preview":"max-video-preview:-1"},"canonical":"https:\/\/www.latelierdemichel.com\/index.php\/produit\/planche-support-sans-rangement-daccessoires-pour-thermomix-tm5-et-tm6\/","og_locale":"fr_FR","og_type":"article","og_title":"Planche support sans rangement d\u2019accessoires pour Thermomix TM5 et TM6 - l&#039;atelier de michel","og_description":"La planche support pour Thermomix TM5 vous permet d'accueillir votre robot. Le bandes sous la planche qui lui conf\u00e8re une tr\u00e8s bonne adh\u00e9rence pour plus de s\u00e9curit\u00e9 notamment lors de fonction comme le p\u00e9trissage .Les deux patins en ABS sous la planche vous permettrons un d\u00e9placement plus facile de votre Thermomix sans endommag\u00e9 la balance.","og_url":"https:\/\/www.latelierdemichel.com\/index.php\/produit\/planche-support-sans-rangement-daccessoires-pour-thermomix-tm5-et-tm6\/","og_site_name":"l&#039;atelier de michel","article_publisher":"https:\/\/www.facebook.com\/ponchel.emmanuel.menuiserie\/","article_modified_time":"2024-07-24T06:45:39+00:00","og_image":[{"width":983,"height":1260,"url":"https:\/\/www.latelierdemichel.com\/wp-content\/uploads\/2019\/01\/1.png","type":"image\/png"}],"twitter_card":"summary_large_image","schema":{"@context":"https:\/\/schema.org","@graph":[{"@type":"WebPage","@id":"https:\/\/www.latelierdemichel.com\/index.php\/produit\/planche-support-sans-rangement-daccessoires-pour-thermomix-tm5-et-tm6\/","url":"https:\/\/www.latelierdemichel.com\/index.php\/produit\/planche-support-sans-rangement-daccessoires-pour-thermomix-tm5-et-tm6\/","name":"Planche support sans rangement d\u2019accessoires pour Thermomix TM5 et TM6 - l&#039;atelier de michel","isPartOf":{"@id":"https:\/\/www.latelierdemichel.com\/#website"},"primaryImageOfPage":{"@id":"https:\/\/www.latelierdemichel.com\/index.php\/produit\/planche-support-sans-rangement-daccessoires-pour-thermomix-tm5-et-tm6\/#primaryimage"},"image":{"@id":"https:\/\/www.latelierdemichel.com\/index.php\/produit\/planche-support-sans-rangement-daccessoires-pour-thermomix-tm5-et-tm6\/#primaryimage"},"thumbnailUrl":"https:\/\/www.latelierdemichel.com\/wp-content\/uploads\/2019\/01\/1.png","datePublished":"2019-01-07T14:07:59+00:00","dateModified":"2024-07-24T06:45:39+00:00","description":"La planche support pour Thermomix TM5 vous permet d'accueillir votre robot. Le bandes sous la planche qui lui conf\u00e8re une tr\u00e8s bonne adh\u00e9rence pour plus de s\u00e9curit\u00e9 notamment lors de fonction comme le p\u00e9trissage .Les deux patins en ABS sous la planche vous permettrons un d\u00e9placement plus facile de votre Thermomix sans endommag\u00e9 la balance.","breadcrumb":{"@id":"https:\/\/www.latelierdemichel.com\/index.php\/produit\/planche-support-sans-rangement-daccessoires-pour-thermomix-tm5-et-tm6\/#breadcrumb"},"inLanguage":"fr-FR","potentialAction":[{"@type":"ReadAction","target":["https:\/\/www.latelierdemichel.com\/index.php\/produit\/planche-support-sans-rangement-daccessoires-pour-thermomix-tm5-et-tm6\/"]}]},{"@type":"ImageObject","inLanguage":"fr-FR","@id":"https:\/\/www.latelierdemichel.com\/index.php\/produit\/planche-support-sans-rangement-daccessoires-pour-thermomix-tm5-et-tm6\/#primaryimage","url":"https:\/\/www.latelierdemichel.com\/wp-content\/uploads\/2019\/01\/1.png","contentUrl":"https:\/\/www.latelierdemichel.com\/wp-content\/uploads\/2019\/01\/1.png","width":983,"height":1260},{"@type":"BreadcrumbList","@id":"https:\/\/www.latelierdemichel.com\/index.php\/produit\/planche-support-sans-rangement-daccessoires-pour-thermomix-tm5-et-tm6\/#breadcrumb","itemListElement":[{"@type":"ListItem","position":1,"name":"Accueil","item":"https:\/\/www.latelierdemichel.com\/"},{"@type":"ListItem","position":2,"name":"Boutique","item":"https:\/\/www.latelierdemichel.com\/index.php\/boutique\/"},{"@type":"ListItem","position":3,"name":"Planche support sans rangement d\u2019accessoires pour Thermomix TM5 et TM6"}]},{"@type":"WebSite","@id":"https:\/\/www.latelierdemichel.com\/#website","url":"https:\/\/www.latelierdemichel.com\/","name":"l&#039;atelier de michel","description":"","potentialAction":[{"@type":"SearchAction","target":{"@type":"EntryPoint","urlTemplate":"https:\/\/www.latelierdemichel.com\/?s={search_term_string}"},"query-input":{"@type":"PropertyValueSpecification","valueRequired":true,"valueName":"search_term_string"}}],"inLanguage":"fr-FR"}]}},"jetpack_sharing_enabled":true,"wcpa_form_fields":{"wcpaData":{"product":{"product_price":59.99,"price_html":"<span class=\"woocommerce-Price-amount amount\"><bdi>59,99&nbsp;<span class=\"woocommerce-Price-currencySymbol\">&euro;<\/span><\/bdi><\/span>","original_product_price":59.99,"price_including_tax":59.99,"price_excluding_tax":59.99,"product_id":{"parent":608,"variation":false},"is_variable":false,"stock_status":"outofstock","stock_quantity":null,"parent_sku":"","product_attributes":[],"custom_fields":[],"is_taxable":false,"product_name":"Planche support sans rangement d\u2019accessoires pour Thermomix TM5 et TM6","hasImage":false},"fields":{"sec_169f5ac63d9dfb":{"extra":{"key":"sec_169f5ac63d9dfb","section_id":"sec_169f5ac63d9dfb","name":"Default","status":1,"cl_rule":"show","enableCl":false,"relations":[],"toggle":true,"title_tag":"h3","show_title":false,"showPrice":"default","form_id":1037,"form_rules":{"exclude_from_discount":false,"fee_label":"Fee","disp_hide_options_price":false,"disp_show_section_price":false,"disp_show_field_price":true,"layout_option":"standard","pric_use_as_fee":false,"process_fee_as":"woo_fee"},"layout_option":"standard"},"fields":[[{"type":"image-group","required":true,"label":"Choisissez la couleur de votre planche","elementId":"wcpa-image-group-1615152232525","inline":true,"enablePrice":true,"priceOptions":"different_for_all","pricingType":"fixed","disp_size_img":{"width":"100","height":""},"enable_popup":"all","name":"image-group-1615152232525","show_as_product_image":true,"disp_type":"square","img_selection_type":"outline","other_text":"Other","cl_rule":"show","col":6,"values":[{"label":"Noir","price":"0","image":"https:\/\/www.latelierdemichel.com\/wp-content\/uploads\/2021\/03\/noir-st.jpg","image_id":"2617","thumb":"https:\/\/www.latelierdemichel.com\/wp-content\/uploads\/2021\/03\/noir-st-150x150.jpg","value":"0","thumb_src":"https:\/\/www.latelierdemichel.com\/wp-content\/uploads\/2021\/03\/noir-st-100x100.jpg","productImage":{"title":"noir st","caption":"","url":"https:\/\/www.latelierdemichel.com\/wp-content\/uploads\/2021\/03\/noir-st.jpg","alt":"noir st","src":"https:\/\/www.latelierdemichel.com\/wp-content\/uploads\/2021\/03\/noir-st-600x600.jpg","srcset":false,"sizes":"(min-width: 0px) and (max-width: 480px) 480px, (min-width: 481px) 600px, 100vw","full_src":"https:\/\/www.latelierdemichel.com\/wp-content\/uploads\/2021\/03\/noir-st.jpg","full_src_w":1280,"full_src_h":1280,"gallery_thumbnail_src":"https:\/\/www.latelierdemichel.com\/wp-content\/uploads\/2021\/03\/noir-st-100x100.jpg","gallery_thumbnail_src_w":100,"gallery_thumbnail_src_h":100,"thumb_src":"https:\/\/www.latelierdemichel.com\/wp-content\/uploads\/2021\/03\/noir-st-300x300.jpg","thumb_src_w":300,"thumb_src_h":300,"src_w":600,"src_h":600,"image_id":"2617"},"gt_translate_keys":["label"]},{"label":"Blanc","price":"0","image":"https:\/\/www.latelierdemichel.com\/wp-content\/uploads\/2021\/03\/blanc-st.jpg","image_id":"2618","thumb":"https:\/\/www.latelierdemichel.com\/wp-content\/uploads\/2021\/03\/blanc-st-150x150.jpg","value":"1","thumb_src":"https:\/\/www.latelierdemichel.com\/wp-content\/uploads\/2021\/03\/blanc-st-100x100.jpg","productImage":{"title":"blanc st","caption":"","url":"https:\/\/www.latelierdemichel.com\/wp-content\/uploads\/2021\/03\/blanc-st.jpg","alt":"blanc st","src":"https:\/\/www.latelierdemichel.com\/wp-content\/uploads\/2021\/03\/blanc-st-600x600.jpg","srcset":false,"sizes":"(min-width: 0px) and (max-width: 480px) 480px, (min-width: 481px) 600px, 100vw","full_src":"https:\/\/www.latelierdemichel.com\/wp-content\/uploads\/2021\/03\/blanc-st.jpg","full_src_w":1280,"full_src_h":1280,"gallery_thumbnail_src":"https:\/\/www.latelierdemichel.com\/wp-content\/uploads\/2021\/03\/blanc-st-100x100.jpg","gallery_thumbnail_src_w":100,"gallery_thumbnail_src_h":100,"thumb_src":"https:\/\/www.latelierdemichel.com\/wp-content\/uploads\/2021\/03\/blanc-st-300x300.jpg","thumb_src_w":300,"thumb_src_h":300,"src_w":600,"src_h":600,"image_id":"2618"},"gt_translate_keys":["label"]},{"label":"Gris Ardoise","price":"0","image":"https:\/\/www.latelierdemichel.com\/wp-content\/uploads\/2021\/03\/Gris-ardoise-st.jpg","image_id":"2721","thumb":"https:\/\/www.latelierdemichel.com\/wp-content\/uploads\/2021\/03\/Gris-ardoise-st-150x150.jpg","value":"2","thumb_src":"https:\/\/www.latelierdemichel.com\/wp-content\/uploads\/2021\/03\/Gris-ardoise-st-100x100.jpg","productImage":{"title":"Gris ardoise st","caption":"","url":"https:\/\/www.latelierdemichel.com\/wp-content\/uploads\/2021\/03\/Gris-ardoise-st.jpg","alt":"Gris ardoise st","src":"https:\/\/www.latelierdemichel.com\/wp-content\/uploads\/2021\/03\/Gris-ardoise-st-600x600.jpg","srcset":false,"sizes":"(min-width: 0px) and (max-width: 480px) 480px, (min-width: 481px) 600px, 100vw","full_src":"https:\/\/www.latelierdemichel.com\/wp-content\/uploads\/2021\/03\/Gris-ardoise-st.jpg","full_src_w":1280,"full_src_h":1280,"gallery_thumbnail_src":"https:\/\/www.latelierdemichel.com\/wp-content\/uploads\/2021\/03\/Gris-ardoise-st-100x100.jpg","gallery_thumbnail_src_w":100,"gallery_thumbnail_src_h":100,"thumb_src":"https:\/\/www.latelierdemichel.com\/wp-content\/uploads\/2021\/03\/Gris-ardoise-st-300x300.jpg","thumb_src_w":300,"thumb_src_h":300,"src_w":600,"src_h":600,"image_id":"2721"},"gt_translate_keys":["label"]},{"label":"Gris Taupe","price":"0","image":"https:\/\/www.latelierdemichel.com\/wp-content\/uploads\/2021\/03\/Gris-taupe-st.jpg","image_id":"2722","thumb":"https:\/\/www.latelierdemichel.com\/wp-content\/uploads\/2021\/03\/Gris-taupe-st-150x150.jpg","value":"3","thumb_src":"https:\/\/www.latelierdemichel.com\/wp-content\/uploads\/2021\/03\/Gris-taupe-st-100x100.jpg","productImage":{"title":"Gris taupe st","caption":"","url":"https:\/\/www.latelierdemichel.com\/wp-content\/uploads\/2021\/03\/Gris-taupe-st.jpg","alt":"Gris taupe st","src":"https:\/\/www.latelierdemichel.com\/wp-content\/uploads\/2021\/03\/Gris-taupe-st-600x600.jpg","srcset":false,"sizes":"(min-width: 0px) and (max-width: 480px) 480px, (min-width: 481px) 600px, 100vw","full_src":"https:\/\/www.latelierdemichel.com\/wp-content\/uploads\/2021\/03\/Gris-taupe-st.jpg","full_src_w":1280,"full_src_h":1280,"gallery_thumbnail_src":"https:\/\/www.latelierdemichel.com\/wp-content\/uploads\/2021\/03\/Gris-taupe-st-100x100.jpg","gallery_thumbnail_src_w":100,"gallery_thumbnail_src_h":100,"thumb_src":"https:\/\/www.latelierdemichel.com\/wp-content\/uploads\/2021\/03\/Gris-taupe-st-300x300.jpg","thumb_src_w":300,"thumb_src_h":300,"src_w":600,"src_h":600,"image_id":"2722"},"gt_translate_keys":["label"]},{"label":"Rouge","price":"0","image":"https:\/\/www.latelierdemichel.com\/wp-content\/uploads\/2021\/03\/Rouge-st.jpg","image_id":"2723","thumb":"https:\/\/www.latelierdemichel.com\/wp-content\/uploads\/2021\/03\/Rouge-st-150x150.jpg","value":"4","thumb_src":"https:\/\/www.latelierdemichel.com\/wp-content\/uploads\/2021\/03\/Rouge-st-100x100.jpg","productImage":{"title":"Rouge st","caption":"","url":"https:\/\/www.latelierdemichel.com\/wp-content\/uploads\/2021\/03\/Rouge-st.jpg","alt":"Rouge st","src":"https:\/\/www.latelierdemichel.com\/wp-content\/uploads\/2021\/03\/Rouge-st-600x600.jpg","srcset":false,"sizes":"(min-width: 0px) and (max-width: 480px) 480px, (min-width: 481px) 600px, 100vw","full_src":"https:\/\/www.latelierdemichel.com\/wp-content\/uploads\/2021\/03\/Rouge-st.jpg","full_src_w":1280,"full_src_h":1280,"gallery_thumbnail_src":"https:\/\/www.latelierdemichel.com\/wp-content\/uploads\/2021\/03\/Rouge-st-100x100.jpg","gallery_thumbnail_src_w":100,"gallery_thumbnail_src_h":100,"thumb_src":"https:\/\/www.latelierdemichel.com\/wp-content\/uploads\/2021\/03\/Rouge-st-300x300.jpg","thumb_src_w":300,"thumb_src_h":300,"src_w":600,"src_h":600,"image_id":"2723"},"gt_translate_keys":["label"]}],"relations":false,"price":0,"active":true,"tooltip":"","layOut":"inline","gt_translate_keys":["label","tooltip"],"price_dependency":false,"cl_dependency":false,"value":""}]]}},"config":{"price_override":"","enable_recaptcha":false,"bind_quantity":false,"quantity_bind_formula":false,"disp_summ_show_option_price":true,"disp_summ_show_product_price":true,"disp_summ_show_total_price":true,"disp_summ_show_fee":false,"disp_summ_show_discount":false,"summary_title":"","options_total_label":"Options Price","total_label":"Total","options_product_label":"Product Price","fee_label":"Fee","discount_label":"Discount","has_price":true,"has_quantity_formula":false},"mc_unit":1,"tax_rate":1,"tax_rate_real":1,"discount":{"percentage":0,"fixed":0},"design":{"conf":{"LabelPosition":"above","DescPosition":"above","UploadField":"custom_1","QuantityFieldStyle":"default"},"css":{"LeftLabelWidth":"120px"}},"formulas":[],"lookuptables":[],"clones":false,"cartKey":false}},"_links":{"self":[{"href":"https:\/\/www.latelierdemichel.com\/index.php\/wp-json\/wp\/v2\/product\/608","targetHints":{"allow":["GET"]}}],"collection":[{"href":"https:\/\/www.latelierdemichel.com\/index.php\/wp-json\/wp\/v2\/product"}],"about":[{"href":"https:\/\/www.latelierdemichel.com\/index.php\/wp-json\/wp\/v2\/types\/product"}],"wp:featuredmedia":[{"embeddable":true,"href":"https:\/\/www.latelierdemichel.com\/index.php\/wp-json\/wp\/v2\/media\/1496"}],"wp:attachment":[{"href":"https:\/\/www.latelierdemichel.com\/index.php\/wp-json\/wp\/v2\/media?parent=608"}],"wp:term":[{"taxonomy":"product_brand","embeddable":true,"href":"https:\/\/www.latelierdemichel.com\/index.php\/wp-json\/wp\/v2\/product_brand?post=608"},{"taxonomy":"product_cat","embeddable":true,"href":"https:\/\/www.latelierdemichel.com\/index.php\/wp-json\/wp\/v2\/product_cat?post=608"},{"taxonomy":"product_tag","embeddable":true,"href":"https:\/\/www.latelierdemichel.com\/index.php\/wp-json\/wp\/v2\/product_tag?post=608"}],"curies":[{"name":"wp","href":"https:\/\/api.w.org\/{rel}","templated":true}]}}